{"id":505,"date":"2025-02-20T20:03:27","date_gmt":"2025-02-20T19:03:27","guid":{"rendered":"https:\/\/fundacjaklik.pl\/?page_id=505"},"modified":"2025-02-20T20:05:17","modified_gmt":"2025-02-20T19:05:17","slug":"elementor-strona-505","status":"publish","type":"page","link":"https:\/\/fundacjaklik.pl\/index.php\/nasze-projekty\/elementor-strona-505\/","title":{"rendered":"Lublin Ta\u0144czy"},"content":{"rendered":"\t\t<div data-elementor-type=\"wp-page\" data-elementor-id=\"505\" class=\"elementor elementor-505\">\n\t\t\t\t<div class=\"elementor-element elementor-element-ac63117 e-flex e-con-boxed e-con e-parent\" data-id=\"ac63117\" data-element_type=\"container\">\n\t\t\t\t\t<div class=\"e-con-inner\">\n\t\t<div class=\"elementor-element elementor-element-cbdc53f e-con-full e-flex e-con e-child\" data-id=\"cbdc53f\" data-element_type=\"container\">\n\t\t\t\t<div class=\"elementor-element elementor-element-7d651c5 elementor-widget elementor-widget-text-editor\" data-id=\"7d651c5\" data-element_type=\"widget\" data-widget_type=\"text-editor.default\">\n\t\t\t\t<div class=\"elementor-widget-container\">\n\t\t\t\t\t\t\t\t\t<h3>Lublin Ta\u0144czy<\/h3>\n<p>Ten projekt mia\u0142 sw\u00f3j pocz\u0105tek w 2014 roku. Powsta\u0142 jako wynik pracy podczas programu szkoleniowego Wolontariusz Kultury, organizowanego przez Warsztaty Kultury w Lublinie. W sk\u0142ad zespo\u0142u wchodzi\u0142y Agnieszka J\u00f3zwik, Agnieszka Litman i Patrycja Cholewa.&nbsp;<\/p>\n<p>Lublin Ta\u0144czy by\u0142 projektem darmowych warsztat\u00f3w tanecznych dla mieszka\u0144c\u00f3w Lublina i okolic. Uda\u0142o si\u0119 go zorganizowa\u0107 zupe\u0142nie oddolnie, dzi\u0119ki wspania\u0142ej spo\u0142eczno\u015bci tanecznej miasta oraz kilku instytucjom wspieraj\u0105cym.<\/p>\n<p>Celem projektu by\u0142a integracja mi\u0119dzypokoleniowa oraz rozpowszechnianie edukacji mi\u0119dzykulturowej poprzez taniec. Lublin Ta\u0144czy doczeka\u0142 si\u0119 czterech edycji. Relacje z warsztat\u00f3w znajdziecie na stronie facebookowej projektu: <a href=\"https:\/\/www.facebook.com\/LublinTanczy\">https:\/\/www.facebook.com\/LublinTanczy<\/a><\/p>\t\t\t\t\t\t\t\t<\/div>\n\t\t\t\t<\/div>\n\t\t\t\t<div class=\"elementor-element elementor-element-4bdd31f elementor-widget elementor-widget-image-gallery\" data-id=\"4bdd31f\" data-element_type=\"widget\" data-widget_type=\"image-gallery.default\">\n\t\t\t\t<div class=\"elementor-widget-container\">\n\t\t\t\t\t\t\t<div class=\"elementor-image-gallery\">\n\t\t\t<div id='gallery-1' class='gallery galleryid-505 gallery-columns-4 gallery-size-full'><figure class='gallery-item'>\n\t\t\t<div class='gallery-icon portrait'>\n\t\t\t\t<a data-elementor-open-lightbox=\"yes\" data-elementor-lightbox-slideshow=\"4bdd31f\" data-elementor-lightbox-title=\"Plakat &quot;Lublin Ta\u0144czy w trzech rytmach&quot;\" data-e-action-hash=\"#elementor-action%3Aaction%3Dlightbox%26settings%3DeyJpZCI6NzQsInVybCI6Imh0dHBzOlwvXC9mdW5kYWNqYWtsaWsucGxcL3dwLWNvbnRlbnRcL3VwbG9hZHNcLzIwMjNcLzEwXC8xMzQxMTY3M18xNzc5NzI2ODU1NTkxODI1XzQ2MTEyNDkwMzIxODc1NDQ1Nzlfby5qcGciLCJzbGlkZXNob3ciOiI0YmRkMzFmIn0%3D\" href='https:\/\/fundacjaklik.pl\/wp-content\/uploads\/2023\/10\/13411673_1779726855591825_4611249032187544579_o.jpg'><img fetchpriority=\"high\" decoding=\"async\" width=\"1448\" height=\"2048\" src=\"https:\/\/fundacjaklik.pl\/wp-content\/uploads\/2023\/10\/13411673_1779726855591825_4611249032187544579_o.jpg\" class=\"attachment-full size-full\" alt=\"\" srcset=\"https:\/\/fundacjaklik.pl\/wp-content\/uploads\/2023\/10\/13411673_1779726855591825_4611249032187544579_o.jpg 1448w, https:\/\/fundacjaklik.pl\/wp-content\/uploads\/2023\/10\/13411673_1779726855591825_4611249032187544579_o-212x300.jpg 212w, https:\/\/fundacjaklik.pl\/wp-content\/uploads\/2023\/10\/13411673_1779726855591825_4611249032187544579_o-724x1024.jpg 724w, https:\/\/fundacjaklik.pl\/wp-content\/uploads\/2023\/10\/13411673_1779726855591825_4611249032187544579_o-768x1086.jpg 768w, https:\/\/fundacjaklik.pl\/wp-content\/uploads\/2023\/10\/13411673_1779726855591825_4611249032187544579_o-1086x1536.jpg 1086w\" sizes=\"(max-width: 1448px) 100vw, 1448px\" \/><\/a>\n\t\t\t<\/div><\/figure><figure class='gallery-item'>\n\t\t\t<div class='gallery-icon portrait'>\n\t\t\t\t<a data-elementor-open-lightbox=\"yes\" data-elementor-lightbox-slideshow=\"4bdd31f\" data-elementor-lightbox-title=\"Plakat &quot;Lublin Ta\u0144czy \u0142\u0105cz\u0105c pokolenia&quot;\" data-e-action-hash=\"#elementor-action%3Aaction%3Dlightbox%26settings%3DeyJpZCI6NzUsInVybCI6Imh0dHBzOlwvXC9mdW5kYWNqYWtsaWsucGxcL3dwLWNvbnRlbnRcL3VwbG9hZHNcLzIwMjNcLzEwXC8xMTA1MTk1NV8xNjIzNjczMDMxMTk3MjA5Xzc3Mzc4NjY5MDc3OTYxMDAzODBfby5qcGciLCJzbGlkZXNob3ciOiI0YmRkMzFmIn0%3D\" href='https:\/\/fundacjaklik.pl\/wp-content\/uploads\/2023\/10\/11051955_1623673031197209_7737866907796100380_o.jpg'><img decoding=\"async\" width=\"1457\" height=\"2048\" src=\"https:\/\/fundacjaklik.pl\/wp-content\/uploads\/2023\/10\/11051955_1623673031197209_7737866907796100380_o.jpg\" class=\"attachment-full size-full\" alt=\"\" srcset=\"https:\/\/fundacjaklik.pl\/wp-content\/uploads\/2023\/10\/11051955_1623673031197209_7737866907796100380_o.jpg 1457w, https:\/\/fundacjaklik.pl\/wp-content\/uploads\/2023\/10\/11051955_1623673031197209_7737866907796100380_o-213x300.jpg 213w, https:\/\/fundacjaklik.pl\/wp-content\/uploads\/2023\/10\/11051955_1623673031197209_7737866907796100380_o-729x1024.jpg 729w, https:\/\/fundacjaklik.pl\/wp-content\/uploads\/2023\/10\/11051955_1623673031197209_7737866907796100380_o-768x1080.jpg 768w, https:\/\/fundacjaklik.pl\/wp-content\/uploads\/2023\/10\/11051955_1623673031197209_7737866907796100380_o-1093x1536.jpg 1093w\" sizes=\"(max-width: 1457px) 100vw, 1457px\" \/><\/a>\n\t\t\t<\/div><\/figure><figure class='gallery-item'>\n\t\t\t<div class='gallery-icon portrait'>\n\t\t\t\t<a data-elementor-open-lightbox=\"yes\" data-elementor-lightbox-slideshow=\"4bdd31f\" data-elementor-lightbox-title=\"Plakat &quot;Lublin Ta\u0144czy 60+&quot;\" data-e-action-hash=\"#elementor-action%3Aaction%3Dlightbox%26settings%3DeyJpZCI6NzYsInVybCI6Imh0dHBzOlwvXC9mdW5kYWNqYWtsaWsucGxcL3dwLWNvbnRlbnRcL3VwbG9hZHNcLzIwMjNcLzEwXC8xMDUxMTQ0M18xNTU3MTg3MDg0NTEyNDcxXzE2NDkwNzU3ODA4MTY2MDg3ODhfby5qcGciLCJzbGlkZXNob3ciOiI0YmRkMzFmIn0%3D\" href='https:\/\/fundacjaklik.pl\/wp-content\/uploads\/2023\/10\/10511443_1557187084512471_1649075780816608788_o.jpg'><img decoding=\"async\" width=\"1456\" height=\"2048\" src=\"https:\/\/fundacjaklik.pl\/wp-content\/uploads\/2023\/10\/10511443_1557187084512471_1649075780816608788_o.jpg\" class=\"attachment-full size-full\" alt=\"\" srcset=\"https:\/\/fundacjaklik.pl\/wp-content\/uploads\/2023\/10\/10511443_1557187084512471_1649075780816608788_o.jpg 1456w, https:\/\/fundacjaklik.pl\/wp-content\/uploads\/2023\/10\/10511443_1557187084512471_1649075780816608788_o-213x300.jpg 213w, https:\/\/fundacjaklik.pl\/wp-content\/uploads\/2023\/10\/10511443_1557187084512471_1649075780816608788_o-728x1024.jpg 728w, https:\/\/fundacjaklik.pl\/wp-content\/uploads\/2023\/10\/10511443_1557187084512471_1649075780816608788_o-768x1080.jpg 768w, https:\/\/fundacjaklik.pl\/wp-content\/uploads\/2023\/10\/10511443_1557187084512471_1649075780816608788_o-1092x1536.jpg 1092w\" sizes=\"(max-width: 1456px) 100vw, 1456px\" \/><\/a>\n\t\t\t<\/div><\/figure><figure class='gallery-item'>\n\t\t\t<div class='gallery-icon portrait'>\n\t\t\t\t<a data-elementor-open-lightbox=\"yes\" data-elementor-lightbox-slideshow=\"4bdd31f\" data-elementor-lightbox-title=\"Plakat &quot;Lublin Ta\u0144czy rodzinnie&quot;\" data-e-action-hash=\"#elementor-action%3Aaction%3Dlightbox%26settings%3DeyJpZCI6NzcsInVybCI6Imh0dHBzOlwvXC9mdW5kYWNqYWtsaWsucGxcL3dwLWNvbnRlbnRcL3VwbG9hZHNcLzIwMjNcLzEwXC8xMDI4NzAxNV8xNDc2OTgzMjg1ODY2MTg1XzU0OTg5NTcwNjE2MjM5Nzc1MTlfby5qcGciLCJzbGlkZXNob3ciOiI0YmRkMzFmIn0%3D\" href='https:\/\/fundacjaklik.pl\/wp-content\/uploads\/2023\/10\/10287015_1476983285866185_5498957061623977519_o.jpg'><img loading=\"lazy\" decoding=\"async\" width=\"724\" height=\"1024\" src=\"https:\/\/fundacjaklik.pl\/wp-content\/uploads\/2023\/10\/10287015_1476983285866185_5498957061623977519_o.jpg\" class=\"attachment-full size-full\" alt=\"\" srcset=\"https:\/\/fundacjaklik.pl\/wp-content\/uploads\/2023\/10\/10287015_1476983285866185_5498957061623977519_o.jpg 724w, https:\/\/fundacjaklik.pl\/wp-content\/uploads\/2023\/10\/10287015_1476983285866185_5498957061623977519_o-212x300.jpg 212w\" sizes=\"(max-width: 724px) 100vw, 724px\" \/><\/a>\n\t\t\t<\/div><\/figure>\n\t\t<\/div>\n\t\t<\/div>\n\t\t\t\t\t\t<\/div>\n\t\t\t\t<\/div>\n\t\t\t\t<\/div>\n\t\t\t\t\t<\/div>\n\t\t\t\t<\/div>\n\t\t\t\t<\/div>\n\t\t","protected":false},"excerpt":{"rendered":"<p>Lublin Ta\u0144czy Ten projekt mia\u0142 sw\u00f3j pocz\u0105tek w 2014 roku. Powsta\u0142 jako wynik pracy podczas programu szkoleniowego Wolontariusz Kultury, organizowanego przez Warsztaty Kultury w Lublinie. W sk\u0142ad zespo\u0142u wchodzi\u0142y Agnieszka J\u00f3zwik, Agnieszka Litman i Patrycja Cholewa.&nbsp; Lublin Ta\u0144czy by\u0142 projektem darmowych warsztat\u00f3w tanecznych dla mieszka\u0144c\u00f3w Lublina i okolic. Uda\u0142o si\u0119 &hellip;<\/p>\n","protected":false},"author":1,"featured_media":0,"parent":36,"menu_order":0,"comment_status":"closed","ping_status":"closed","template":"","meta":{"footnotes":""},"class_list":["post-505","page","type-page","status-publish","hentry"],"yoast_head":"<!-- This site is optimized with the Yoast SEO plugin v25.5 - https:\/\/yoast.com\/wordpress\/plugins\/seo\/ -->\n<title>Lublin Ta\u0144czy - Fundacja KLIK<\/title>\n<meta name=\"robots\" content=\"index, follow, max-snippet:-1, max-image-preview:large, max-video-preview:-1\" \/>\n<link rel=\"canonical\" href=\"https:\/\/fundacjaklik.pl\/index.php\/nasze-projekty\/elementor-strona-505\/\" \/>\n<meta property=\"og:locale\" content=\"pl_PL\" \/>\n<meta property=\"og:type\" content=\"article\" \/>\n<meta property=\"og:title\" content=\"Lublin Ta\u0144czy - Fundacja KLIK\" \/>\n<meta property=\"og:description\" content=\"Lublin Ta\u0144czy Ten projekt mia\u0142 sw\u00f3j pocz\u0105tek w 2014 roku. Powsta\u0142 jako wynik pracy podczas programu szkoleniowego Wolontariusz Kultury, organizowanego przez Warsztaty Kultury w Lublinie. W sk\u0142ad zespo\u0142u wchodzi\u0142y Agnieszka J\u00f3zwik, Agnieszka Litman i Patrycja Cholewa.&nbsp; Lublin Ta\u0144czy by\u0142 projektem darmowych warsztat\u00f3w tanecznych dla mieszka\u0144c\u00f3w Lublina i okolic. Uda\u0142o si\u0119 &hellip;\" \/>\n<meta property=\"og:url\" content=\"https:\/\/fundacjaklik.pl\/index.php\/nasze-projekty\/elementor-strona-505\/\" \/>\n<meta property=\"og:site_name\" content=\"Fundacja KLIK\" \/>\n<meta property=\"article:modified_time\" content=\"2025-02-20T19:05:17+00:00\" \/>\n<meta property=\"og:image\" content=\"http:\/\/fundacjaklik.pl\/wp-content\/uploads\/2023\/10\/13411673_1779726855591825_4611249032187544579_o.jpg\" \/>\n<meta name=\"twitter:card\" content=\"summary_large_image\" \/>\n<meta name=\"twitter:label1\" content=\"Szacowany czas czytania\" \/>\n\t<meta name=\"twitter:data1\" content=\"1 minuta\" \/>\n<script type=\"application\/ld+json\" class=\"yoast-schema-graph\">{\"@context\":\"https:\/\/schema.org\",\"@graph\":[{\"@type\":\"WebPage\",\"@id\":\"https:\/\/fundacjaklik.pl\/index.php\/nasze-projekty\/elementor-strona-505\/\",\"url\":\"https:\/\/fundacjaklik.pl\/index.php\/nasze-projekty\/elementor-strona-505\/\",\"name\":\"Lublin Ta\u0144czy - Fundacja KLIK\",\"isPartOf\":{\"@id\":\"https:\/\/fundacjaklik.pl\/#website\"},\"primaryImageOfPage\":{\"@id\":\"https:\/\/fundacjaklik.pl\/index.php\/nasze-projekty\/elementor-strona-505\/#primaryimage\"},\"image\":{\"@id\":\"https:\/\/fundacjaklik.pl\/index.php\/nasze-projekty\/elementor-strona-505\/#primaryimage\"},\"thumbnailUrl\":\"http:\/\/fundacjaklik.pl\/wp-content\/uploads\/2023\/10\/13411673_1779726855591825_4611249032187544579_o.jpg\",\"datePublished\":\"2025-02-20T19:03:27+00:00\",\"dateModified\":\"2025-02-20T19:05:17+00:00\",\"breadcrumb\":{\"@id\":\"https:\/\/fundacjaklik.pl\/index.php\/nasze-projekty\/elementor-strona-505\/#breadcrumb\"},\"inLanguage\":\"pl-PL\",\"potentialAction\":[{\"@type\":\"ReadAction\",\"target\":[\"https:\/\/fundacjaklik.pl\/index.php\/nasze-projekty\/elementor-strona-505\/\"]}]},{\"@type\":\"ImageObject\",\"inLanguage\":\"pl-PL\",\"@id\":\"https:\/\/fundacjaklik.pl\/index.php\/nasze-projekty\/elementor-strona-505\/#primaryimage\",\"url\":\"http:\/\/fundacjaklik.pl\/wp-content\/uploads\/2023\/10\/13411673_1779726855591825_4611249032187544579_o.jpg\",\"contentUrl\":\"http:\/\/fundacjaklik.pl\/wp-content\/uploads\/2023\/10\/13411673_1779726855591825_4611249032187544579_o.jpg\"},{\"@type\":\"BreadcrumbList\",\"@id\":\"https:\/\/fundacjaklik.pl\/index.php\/nasze-projekty\/elementor-strona-505\/#breadcrumb\",\"itemListElement\":[{\"@type\":\"ListItem\",\"position\":1,\"name\":\"Strona g\u0142\u00f3wna\",\"item\":\"https:\/\/fundacjaklik.pl\/\"},{\"@type\":\"ListItem\",\"position\":2,\"name\":\"Nasze projekty\",\"item\":\"https:\/\/fundacjaklik.pl\/index.php\/nasze-projekty\/\"},{\"@type\":\"ListItem\",\"position\":3,\"name\":\"Lublin Ta\u0144czy\"}]},{\"@type\":\"WebSite\",\"@id\":\"https:\/\/fundacjaklik.pl\/#website\",\"url\":\"https:\/\/fundacjaklik.pl\/\",\"name\":\"Fundacja KLIK\",\"description\":\"Fundacja KLIK tworzy przestrze\u0144 dla os\u00f3b chc\u0105cych rozwija\u0107 si\u0119 w r\u00f3\u017cnych dziedzinach kultury, dzia\u0142alno\u015bci artystycznej i edukacji.\",\"publisher\":{\"@id\":\"https:\/\/fundacjaklik.pl\/#organization\"},\"potentialAction\":[{\"@type\":\"SearchAction\",\"target\":{\"@type\":\"EntryPoint\",\"urlTemplate\":\"https:\/\/fundacjaklik.pl\/?s={search_term_string}\"},\"query-input\":{\"@type\":\"PropertyValueSpecification\",\"valueRequired\":true,\"valueName\":\"search_term_string\"}}],\"inLanguage\":\"pl-PL\"},{\"@type\":\"Organization\",\"@id\":\"https:\/\/fundacjaklik.pl\/#organization\",\"name\":\"Fundacja KLIK\",\"url\":\"https:\/\/fundacjaklik.pl\/\",\"logo\":{\"@type\":\"ImageObject\",\"inLanguage\":\"pl-PL\",\"@id\":\"https:\/\/fundacjaklik.pl\/#\/schema\/logo\/image\/\",\"url\":\"https:\/\/fundacjaklik.pl\/wp-content\/uploads\/2023\/10\/cropped-Projekt-bez-nazwy.png\",\"contentUrl\":\"https:\/\/fundacjaklik.pl\/wp-content\/uploads\/2023\/10\/cropped-Projekt-bez-nazwy.png\",\"width\":384,\"height\":264,\"caption\":\"Fundacja KLIK\"},\"image\":{\"@id\":\"https:\/\/fundacjaklik.pl\/#\/schema\/logo\/image\/\"}}]}<\/script>\n<!-- \/ Yoast SEO plugin. -->","yoast_head_json":{"title":"Lublin Ta\u0144czy - Fundacja KLIK","robots":{"index":"index","follow":"follow","max-snippet":"max-snippet:-1","max-image-preview":"max-image-preview:large","max-video-preview":"max-video-preview:-1"},"canonical":"https:\/\/fundacjaklik.pl\/index.php\/nasze-projekty\/elementor-strona-505\/","og_locale":"pl_PL","og_type":"article","og_title":"Lublin Ta\u0144czy - Fundacja KLIK","og_description":"Lublin Ta\u0144czy Ten projekt mia\u0142 sw\u00f3j pocz\u0105tek w 2014 roku. Powsta\u0142 jako wynik pracy podczas programu szkoleniowego Wolontariusz Kultury, organizowanego przez Warsztaty Kultury w Lublinie. W sk\u0142ad zespo\u0142u wchodzi\u0142y Agnieszka J\u00f3zwik, Agnieszka Litman i Patrycja Cholewa.&nbsp; Lublin Ta\u0144czy by\u0142 projektem darmowych warsztat\u00f3w tanecznych dla mieszka\u0144c\u00f3w Lublina i okolic. Uda\u0142o si\u0119 &hellip;","og_url":"https:\/\/fundacjaklik.pl\/index.php\/nasze-projekty\/elementor-strona-505\/","og_site_name":"Fundacja KLIK","article_modified_time":"2025-02-20T19:05:17+00:00","og_image":[{"url":"http:\/\/fundacjaklik.pl\/wp-content\/uploads\/2023\/10\/13411673_1779726855591825_4611249032187544579_o.jpg","type":"","width":"","height":""}],"twitter_card":"summary_large_image","twitter_misc":{"Szacowany czas czytania":"1 minuta"},"schema":{"@context":"https:\/\/schema.org","@graph":[{"@type":"WebPage","@id":"https:\/\/fundacjaklik.pl\/index.php\/nasze-projekty\/elementor-strona-505\/","url":"https:\/\/fundacjaklik.pl\/index.php\/nasze-projekty\/elementor-strona-505\/","name":"Lublin Ta\u0144czy - Fundacja KLIK","isPartOf":{"@id":"https:\/\/fundacjaklik.pl\/#website"},"primaryImageOfPage":{"@id":"https:\/\/fundacjaklik.pl\/index.php\/nasze-projekty\/elementor-strona-505\/#primaryimage"},"image":{"@id":"https:\/\/fundacjaklik.pl\/index.php\/nasze-projekty\/elementor-strona-505\/#primaryimage"},"thumbnailUrl":"http:\/\/fundacjaklik.pl\/wp-content\/uploads\/2023\/10\/13411673_1779726855591825_4611249032187544579_o.jpg","datePublished":"2025-02-20T19:03:27+00:00","dateModified":"2025-02-20T19:05:17+00:00","breadcrumb":{"@id":"https:\/\/fundacjaklik.pl\/index.php\/nasze-projekty\/elementor-strona-505\/#breadcrumb"},"inLanguage":"pl-PL","potentialAction":[{"@type":"ReadAction","target":["https:\/\/fundacjaklik.pl\/index.php\/nasze-projekty\/elementor-strona-505\/"]}]},{"@type":"ImageObject","inLanguage":"pl-PL","@id":"https:\/\/fundacjaklik.pl\/index.php\/nasze-projekty\/elementor-strona-505\/#primaryimage","url":"http:\/\/fundacjaklik.pl\/wp-content\/uploads\/2023\/10\/13411673_1779726855591825_4611249032187544579_o.jpg","contentUrl":"http:\/\/fundacjaklik.pl\/wp-content\/uploads\/2023\/10\/13411673_1779726855591825_4611249032187544579_o.jpg"},{"@type":"BreadcrumbList","@id":"https:\/\/fundacjaklik.pl\/index.php\/nasze-projekty\/elementor-strona-505\/#breadcrumb","itemListElement":[{"@type":"ListItem","position":1,"name":"Strona g\u0142\u00f3wna","item":"https:\/\/fundacjaklik.pl\/"},{"@type":"ListItem","position":2,"name":"Nasze projekty","item":"https:\/\/fundacjaklik.pl\/index.php\/nasze-projekty\/"},{"@type":"ListItem","position":3,"name":"Lublin Ta\u0144czy"}]},{"@type":"WebSite","@id":"https:\/\/fundacjaklik.pl\/#website","url":"https:\/\/fundacjaklik.pl\/","name":"Fundacja KLIK","description":"Fundacja KLIK tworzy przestrze\u0144 dla os\u00f3b chc\u0105cych rozwija\u0107 si\u0119 w r\u00f3\u017cnych dziedzinach kultury, dzia\u0142alno\u015bci artystycznej i edukacji.","publisher":{"@id":"https:\/\/fundacjaklik.pl\/#organization"},"potentialAction":[{"@type":"SearchAction","target":{"@type":"EntryPoint","urlTemplate":"https:\/\/fundacjaklik.pl\/?s={search_term_string}"},"query-input":{"@type":"PropertyValueSpecification","valueRequired":true,"valueName":"search_term_string"}}],"inLanguage":"pl-PL"},{"@type":"Organization","@id":"https:\/\/fundacjaklik.pl\/#organization","name":"Fundacja KLIK","url":"https:\/\/fundacjaklik.pl\/","logo":{"@type":"ImageObject","inLanguage":"pl-PL","@id":"https:\/\/fundacjaklik.pl\/#\/schema\/logo\/image\/","url":"https:\/\/fundacjaklik.pl\/wp-content\/uploads\/2023\/10\/cropped-Projekt-bez-nazwy.png","contentUrl":"https:\/\/fundacjaklik.pl\/wp-content\/uploads\/2023\/10\/cropped-Projekt-bez-nazwy.png","width":384,"height":264,"caption":"Fundacja KLIK"},"image":{"@id":"https:\/\/fundacjaklik.pl\/#\/schema\/logo\/image\/"}}]}},"_links":{"self":[{"href":"https:\/\/fundacjaklik.pl\/index.php\/wp-json\/wp\/v2\/pages\/505","targetHints":{"allow":["GET"]}}],"collection":[{"href":"https:\/\/fundacjaklik.pl\/index.php\/wp-json\/wp\/v2\/pages"}],"about":[{"href":"https:\/\/fundacjaklik.pl\/index.php\/wp-json\/wp\/v2\/types\/page"}],"author":[{"embeddable":true,"href":"https:\/\/fundacjaklik.pl\/index.php\/wp-json\/wp\/v2\/users\/1"}],"replies":[{"embeddable":true,"href":"https:\/\/fundacjaklik.pl\/index.php\/wp-json\/wp\/v2\/comments?post=505"}],"version-history":[{"count":5,"href":"https:\/\/fundacjaklik.pl\/index.php\/wp-json\/wp\/v2\/pages\/505\/revisions"}],"predecessor-version":[{"id":511,"href":"https:\/\/fundacjaklik.pl\/index.php\/wp-json\/wp\/v2\/pages\/505\/revisions\/511"}],"up":[{"embeddable":true,"href":"https:\/\/fundacjaklik.pl\/index.php\/wp-json\/wp\/v2\/pages\/36"}],"wp:attachment":[{"href":"https:\/\/fundacjaklik.pl\/index.php\/wp-json\/wp\/v2\/media?parent=505"}],"curies":[{"name":"wp","href":"https:\/\/api.w.org\/{rel}","templated":true}]}}