{"id":266,"date":"2024-08-30T18:23:45","date_gmt":"2024-08-30T16:23:45","guid":{"rendered":"https:\/\/fundacjaklik.pl\/?page_id=266"},"modified":"2024-09-16T12:04:49","modified_gmt":"2024-09-16T10:04:49","slug":"oferta-szkoleniowa","status":"publish","type":"page","link":"https:\/\/fundacjaklik.pl\/index.php\/oferta-szkoleniowa\/","title":{"rendered":"Oferta szkoleniowa"},"content":{"rendered":"\t\t<div data-elementor-type=\"wp-page\" data-elementor-id=\"266\" class=\"elementor elementor-266\">\n\t\t\t\t<div class=\"elementor-element elementor-element-8d7dd63 e-flex e-con-boxed e-con e-parent\" data-id=\"8d7dd63\" data-element_type=\"container\">\n\t\t\t\t\t<div class=\"e-con-inner\">\n\t\t\t\t<div class=\"elementor-element elementor-element-43cdce7 elementor-widget elementor-widget-heading\" data-id=\"43cdce7\" data-element_type=\"widget\" data-widget_type=\"heading.default\">\n\t\t\t\t<div class=\"elementor-widget-container\">\n\t\t\t\t\t<h2 class=\"elementor-heading-title elementor-size-default\">W fundacji oferujemy szkolenia z zakresu:<\/h2>\t\t\t\t<\/div>\n\t\t\t\t<\/div>\n\t\t\t\t<div class=\"elementor-element elementor-element-54f033a elementor-widget elementor-widget-text-editor\" data-id=\"54f033a\" data-element_type=\"widget\" data-widget_type=\"text-editor.default\">\n\t\t\t\t<div class=\"elementor-widget-container\">\n\t\t\t\t\t\t\t\t\t<ul><li>Researchu<\/li><li>Detekcji dezinformacji<\/li><li>Przygotowania mikrofonowego<\/li><li>Tworzenia Podcast\u00f3w<\/li><\/ul><p>\u00a0<\/p><p>W naszej ofercie znajdziecie r\u00f3wnie\u017c prowadzenie spotka\u0144 autorskich i obs\u0142ug\u0119 konferansfersk\u0105.\u00a0<\/p>\t\t\t\t\t\t\t\t<\/div>\n\t\t\t\t<\/div>\n\t\t\t\t<div class=\"elementor-element elementor-element-0737b46 elementor-widget elementor-widget-heading\" data-id=\"0737b46\" data-element_type=\"widget\" data-widget_type=\"heading.default\">\n\t\t\t\t<div class=\"elementor-widget-container\">\n\t\t\t\t\t<h2 class=\"elementor-heading-title elementor-size-default\">Oferujemy r\u00f3wnie\u017c realizacj\u0119 warsztat\u00f3w tanecznych z zakresu:<\/h2>\t\t\t\t<\/div>\n\t\t\t\t<\/div>\n\t\t\t\t<div class=\"elementor-element elementor-element-c4d2733 elementor-widget elementor-widget-text-editor\" data-id=\"c4d2733\" data-element_type=\"widget\" data-widget_type=\"text-editor.default\">\n\t\t\t\t<div class=\"elementor-widget-container\">\n\t\t\t\t\t\t\t\t\t<ul><li>Ta\u0144ca wsp\u00f3\u0142czesnego<\/li><li>Ta\u0144ca jazzowego<\/li><li>Modern Jazz<\/li><li>Ta\u0144c\u00f3w w kr\u0119gu (<span style=\"color: #222222; font-family: Arial, Helvetica, sans-serif; font-size: small; font-style: normal; font-variant-ligatures: normal; font-variant-caps: normal; font-weight: 400; background-color: #ffffff;\">m.in. ta\u0144ce greckie, ba\u0142ka\u0144skie, breto\u0144skie, w\u0119gierskie itp.) <\/span>i izraelskich\u00a0<\/li><\/ul>\t\t\t\t\t\t\t\t<\/div>\n\t\t\t\t<\/div>\n\t\t\t\t\t<\/div>\n\t\t\t\t<\/div>\n\t\t\t\t<\/div>\n\t\t","protected":false},"excerpt":{"rendered":"<p>W fundacji oferujemy szkolenia z zakresu: Researchu Detekcji dezinformacji Przygotowania mikrofonowego Tworzenia Podcast\u00f3w \u00a0 W naszej ofercie znajdziecie r\u00f3wnie\u017c prowadzenie spotka\u0144 autorskich i obs\u0142ug\u0119 konferansfersk\u0105.\u00a0 Oferujemy r\u00f3wnie\u017c realizacj\u0119 warsztat\u00f3w tanecznych z zakresu: Ta\u0144ca wsp\u00f3\u0142czesnego Ta\u0144ca jazzowego Modern Jazz Ta\u0144c\u00f3w w kr\u0119gu (m.in. ta\u0144ce greckie, ba\u0142ka\u0144skie, breto\u0144skie, w\u0119gierskie itp.) i izraelskich\u00a0<\/p>\n","protected":false},"author":1,"featured_media":0,"parent":0,"menu_order":0,"comment_status":"closed","ping_status":"closed","template":"","meta":{"footnotes":""},"class_list":["post-266","page","type-page","status-publish","hentry"],"yoast_head":"<!-- This site is optimized with the Yoast SEO plugin v25.5 - https:\/\/yoast.com\/wordpress\/plugins\/seo\/ -->\n<title>Oferta szkoleniowa - Fundacja KLIK<\/title>\n<meta name=\"robots\" content=\"index, follow, max-snippet:-1, max-image-preview:large, max-video-preview:-1\" \/>\n<link rel=\"canonical\" href=\"https:\/\/fundacjaklik.pl\/index.php\/oferta-szkoleniowa\/\" \/>\n<meta property=\"og:locale\" content=\"pl_PL\" \/>\n<meta property=\"og:type\" content=\"article\" \/>\n<meta property=\"og:title\" content=\"Oferta szkoleniowa - Fundacja KLIK\" \/>\n<meta property=\"og:description\" content=\"W fundacji oferujemy szkolenia z zakresu: Researchu Detekcji dezinformacji Przygotowania mikrofonowego Tworzenia Podcast\u00f3w \u00a0 W naszej ofercie znajdziecie r\u00f3wnie\u017c prowadzenie spotka\u0144 autorskich i obs\u0142ug\u0119 konferansfersk\u0105.\u00a0 Oferujemy r\u00f3wnie\u017c realizacj\u0119 warsztat\u00f3w tanecznych z zakresu: Ta\u0144ca wsp\u00f3\u0142czesnego Ta\u0144ca jazzowego Modern Jazz Ta\u0144c\u00f3w w kr\u0119gu (m.in. ta\u0144ce greckie, ba\u0142ka\u0144skie, breto\u0144skie, w\u0119gierskie itp.) i izraelskich\u00a0\" \/>\n<meta property=\"og:url\" content=\"https:\/\/fundacjaklik.pl\/index.php\/oferta-szkoleniowa\/\" \/>\n<meta property=\"og:site_name\" content=\"Fundacja KLIK\" \/>\n<meta property=\"article:modified_time\" content=\"2024-09-16T10:04:49+00:00\" \/>\n<meta name=\"twitter:card\" content=\"summary_large_image\" \/>\n<meta name=\"twitter:label1\" content=\"Szacowany czas czytania\" \/>\n\t<meta name=\"twitter:data1\" content=\"1 minuta\" \/>\n<script type=\"application\/ld+json\" class=\"yoast-schema-graph\">{\"@context\":\"https:\/\/schema.org\",\"@graph\":[{\"@type\":\"WebPage\",\"@id\":\"https:\/\/fundacjaklik.pl\/index.php\/oferta-szkoleniowa\/\",\"url\":\"https:\/\/fundacjaklik.pl\/index.php\/oferta-szkoleniowa\/\",\"name\":\"Oferta szkoleniowa - Fundacja KLIK\",\"isPartOf\":{\"@id\":\"https:\/\/fundacjaklik.pl\/#website\"},\"datePublished\":\"2024-08-30T16:23:45+00:00\",\"dateModified\":\"2024-09-16T10:04:49+00:00\",\"breadcrumb\":{\"@id\":\"https:\/\/fundacjaklik.pl\/index.php\/oferta-szkoleniowa\/#breadcrumb\"},\"inLanguage\":\"pl-PL\",\"potentialAction\":[{\"@type\":\"ReadAction\",\"target\":[\"https:\/\/fundacjaklik.pl\/index.php\/oferta-szkoleniowa\/\"]}]},{\"@type\":\"BreadcrumbList\",\"@id\":\"https:\/\/fundacjaklik.pl\/index.php\/oferta-szkoleniowa\/#breadcrumb\",\"itemListElement\":[{\"@type\":\"ListItem\",\"position\":1,\"name\":\"Strona g\u0142\u00f3wna\",\"item\":\"https:\/\/fundacjaklik.pl\/\"},{\"@type\":\"ListItem\",\"position\":2,\"name\":\"Oferta szkoleniowa\"}]},{\"@type\":\"WebSite\",\"@id\":\"https:\/\/fundacjaklik.pl\/#website\",\"url\":\"https:\/\/fundacjaklik.pl\/\",\"name\":\"Fundacja KLIK\",\"description\":\"Fundacja KLIK tworzy przestrze\u0144 dla os\u00f3b chc\u0105cych rozwija\u0107 si\u0119 w r\u00f3\u017cnych dziedzinach kultury, dzia\u0142alno\u015bci artystycznej i edukacji.\",\"publisher\":{\"@id\":\"https:\/\/fundacjaklik.pl\/#organization\"},\"potentialAction\":[{\"@type\":\"SearchAction\",\"target\":{\"@type\":\"EntryPoint\",\"urlTemplate\":\"https:\/\/fundacjaklik.pl\/?s={search_term_string}\"},\"query-input\":{\"@type\":\"PropertyValueSpecification\",\"valueRequired\":true,\"valueName\":\"search_term_string\"}}],\"inLanguage\":\"pl-PL\"},{\"@type\":\"Organization\",\"@id\":\"https:\/\/fundacjaklik.pl\/#organization\",\"name\":\"Fundacja KLIK\",\"url\":\"https:\/\/fundacjaklik.pl\/\",\"logo\":{\"@type\":\"ImageObject\",\"inLanguage\":\"pl-PL\",\"@id\":\"https:\/\/fundacjaklik.pl\/#\/schema\/logo\/image\/\",\"url\":\"https:\/\/fundacjaklik.pl\/wp-content\/uploads\/2023\/10\/cropped-Projekt-bez-nazwy.png\",\"contentUrl\":\"https:\/\/fundacjaklik.pl\/wp-content\/uploads\/2023\/10\/cropped-Projekt-bez-nazwy.png\",\"width\":384,\"height\":264,\"caption\":\"Fundacja KLIK\"},\"image\":{\"@id\":\"https:\/\/fundacjaklik.pl\/#\/schema\/logo\/image\/\"}}]}<\/script>\n<!-- \/ Yoast SEO plugin. -->","yoast_head_json":{"title":"Oferta szkoleniowa - Fundacja KLIK","robots":{"index":"index","follow":"follow","max-snippet":"max-snippet:-1","max-image-preview":"max-image-preview:large","max-video-preview":"max-video-preview:-1"},"canonical":"https:\/\/fundacjaklik.pl\/index.php\/oferta-szkoleniowa\/","og_locale":"pl_PL","og_type":"article","og_title":"Oferta szkoleniowa - Fundacja KLIK","og_description":"W fundacji oferujemy szkolenia z zakresu: Researchu Detekcji dezinformacji Przygotowania mikrofonowego Tworzenia Podcast\u00f3w \u00a0 W naszej ofercie znajdziecie r\u00f3wnie\u017c prowadzenie spotka\u0144 autorskich i obs\u0142ug\u0119 konferansfersk\u0105.\u00a0 Oferujemy r\u00f3wnie\u017c realizacj\u0119 warsztat\u00f3w tanecznych z zakresu: Ta\u0144ca wsp\u00f3\u0142czesnego Ta\u0144ca jazzowego Modern Jazz Ta\u0144c\u00f3w w kr\u0119gu (m.in. ta\u0144ce greckie, ba\u0142ka\u0144skie, breto\u0144skie, w\u0119gierskie itp.) i izraelskich\u00a0","og_url":"https:\/\/fundacjaklik.pl\/index.php\/oferta-szkoleniowa\/","og_site_name":"Fundacja KLIK","article_modified_time":"2024-09-16T10:04:49+00:00","twitter_card":"summary_large_image","twitter_misc":{"Szacowany czas czytania":"1 minuta"},"schema":{"@context":"https:\/\/schema.org","@graph":[{"@type":"WebPage","@id":"https:\/\/fundacjaklik.pl\/index.php\/oferta-szkoleniowa\/","url":"https:\/\/fundacjaklik.pl\/index.php\/oferta-szkoleniowa\/","name":"Oferta szkoleniowa - Fundacja KLIK","isPartOf":{"@id":"https:\/\/fundacjaklik.pl\/#website"},"datePublished":"2024-08-30T16:23:45+00:00","dateModified":"2024-09-16T10:04:49+00:00","breadcrumb":{"@id":"https:\/\/fundacjaklik.pl\/index.php\/oferta-szkoleniowa\/#breadcrumb"},"inLanguage":"pl-PL","potentialAction":[{"@type":"ReadAction","target":["https:\/\/fundacjaklik.pl\/index.php\/oferta-szkoleniowa\/"]}]},{"@type":"BreadcrumbList","@id":"https:\/\/fundacjaklik.pl\/index.php\/oferta-szkoleniowa\/#breadcrumb","itemListElement":[{"@type":"ListItem","position":1,"name":"Strona g\u0142\u00f3wna","item":"https:\/\/fundacjaklik.pl\/"},{"@type":"ListItem","position":2,"name":"Oferta szkoleniowa"}]},{"@type":"WebSite","@id":"https:\/\/fundacjaklik.pl\/#website","url":"https:\/\/fundacjaklik.pl\/","name":"Fundacja KLIK","description":"Fundacja KLIK tworzy przestrze\u0144 dla os\u00f3b chc\u0105cych rozwija\u0107 si\u0119 w r\u00f3\u017cnych dziedzinach kultury, dzia\u0142alno\u015bci artystycznej i edukacji.","publisher":{"@id":"https:\/\/fundacjaklik.pl\/#organization"},"potentialAction":[{"@type":"SearchAction","target":{"@type":"EntryPoint","urlTemplate":"https:\/\/fundacjaklik.pl\/?s={search_term_string}"},"query-input":{"@type":"PropertyValueSpecification","valueRequired":true,"valueName":"search_term_string"}}],"inLanguage":"pl-PL"},{"@type":"Organization","@id":"https:\/\/fundacjaklik.pl\/#organization","name":"Fundacja KLIK","url":"https:\/\/fundacjaklik.pl\/","logo":{"@type":"ImageObject","inLanguage":"pl-PL","@id":"https:\/\/fundacjaklik.pl\/#\/schema\/logo\/image\/","url":"https:\/\/fundacjaklik.pl\/wp-content\/uploads\/2023\/10\/cropped-Projekt-bez-nazwy.png","contentUrl":"https:\/\/fundacjaklik.pl\/wp-content\/uploads\/2023\/10\/cropped-Projekt-bez-nazwy.png","width":384,"height":264,"caption":"Fundacja KLIK"},"image":{"@id":"https:\/\/fundacjaklik.pl\/#\/schema\/logo\/image\/"}}]}},"_links":{"self":[{"href":"https:\/\/fundacjaklik.pl\/index.php\/wp-json\/wp\/v2\/pages\/266","targetHints":{"allow":["GET"]}}],"collection":[{"href":"https:\/\/fundacjaklik.pl\/index.php\/wp-json\/wp\/v2\/pages"}],"about":[{"href":"https:\/\/fundacjaklik.pl\/index.php\/wp-json\/wp\/v2\/types\/page"}],"author":[{"embeddable":true,"href":"https:\/\/fundacjaklik.pl\/index.php\/wp-json\/wp\/v2\/users\/1"}],"replies":[{"embeddable":true,"href":"https:\/\/fundacjaklik.pl\/index.php\/wp-json\/wp\/v2\/comments?post=266"}],"version-history":[{"count":15,"href":"https:\/\/fundacjaklik.pl\/index.php\/wp-json\/wp\/v2\/pages\/266\/revisions"}],"predecessor-version":[{"id":346,"href":"https:\/\/fundacjaklik.pl\/index.php\/wp-json\/wp\/v2\/pages\/266\/revisions\/346"}],"wp:attachment":[{"href":"https:\/\/fundacjaklik.pl\/index.php\/wp-json\/wp\/v2\/media?parent=266"}],"curies":[{"name":"wp","href":"https:\/\/api.w.org\/{rel}","templated":true}]}}