{"id":26,"date":"2023-10-12T23:34:13","date_gmt":"2023-10-12T21:34:13","guid":{"rendered":"https:\/\/fundacjaklik.pl\/?page_id=26"},"modified":"2025-02-28T19:34:53","modified_gmt":"2025-02-28T18:34:53","slug":"o-nas","status":"publish","type":"page","link":"https:\/\/fundacjaklik.pl\/index.php\/o-nas\/","title":{"rendered":"O nas"},"content":{"rendered":"\t\t<div data-elementor-type=\"wp-page\" data-elementor-id=\"26\" class=\"elementor elementor-26\">\n\t\t\t\t<div class=\"elementor-element elementor-element-a854354 e-flex e-con-boxed e-con e-parent\" data-id=\"a854354\" data-element_type=\"container\">\n\t\t\t\t\t<div class=\"e-con-inner\">\n\t\t\t\t<div class=\"elementor-element elementor-element-729bf3f elementor-widget elementor-widget-heading\" data-id=\"729bf3f\" data-element_type=\"widget\" data-widget_type=\"heading.default\">\n\t\t\t\t<div class=\"elementor-widget-container\">\n\t\t\t\t\t<h2 class=\"elementor-heading-title elementor-size-default\">Fundacja KLIK<\/h2>\t\t\t\t<\/div>\n\t\t\t\t<\/div>\n\t\t\t\t<div class=\"elementor-element elementor-element-a17d0db elementor-widget elementor-widget-heading\" data-id=\"a17d0db\" data-element_type=\"widget\" data-widget_type=\"heading.default\">\n\t\t\t\t<div class=\"elementor-widget-container\">\n\t\t\t\t\t<h2 class=\"elementor-heading-title elementor-size-default\">Fundatorki<\/h2>\t\t\t\t<\/div>\n\t\t\t\t<\/div>\n\t\t\t\t<div class=\"elementor-element elementor-element-52c6984 elementor-widget__width-initial elementor-widget elementor-widget-text-editor\" data-id=\"52c6984\" data-element_type=\"widget\" data-widget_type=\"text-editor.default\">\n\t\t\t\t<div class=\"elementor-widget-container\">\n\t\t\t\t\t\t\t\t\t<p>Fundacja KLIK istnieje od 2023 roku. Za\u0142o\u017cy\u0142y j\u0105 Agnieszka J\u00f3zwik i Agnieszka Litman. Wcze\u015bniej, od 2014 roku, organizowa\u0142y wsp\u00f3lnie warsztaty w ramach projektu Lublin Ta\u0144czy. To zapocz\u0105tkowa\u0142o ich wieloletni\u0105 aktywn\u0105 dzia\u0142alno\u015b\u0107 w sferze kultury. Fundacja powsta\u0142a, by tworzy\u0107 przestrze\u0144 dla os\u00f3b chc\u0105cych rozwija\u0107 si\u0119 w r\u00f3\u017cnych dziedzinach kultury, dzia\u0142alno\u015bci artystycznej i edukacji.<\/p>\t\t\t\t\t\t\t\t<\/div>\n\t\t\t\t<\/div>\n\t\t\t\t<div class=\"elementor-element elementor-element-9a4759d elementor-widget elementor-widget-testimonial\" data-id=\"9a4759d\" data-element_type=\"widget\" data-widget_type=\"testimonial.default\">\n\t\t\t\t<div class=\"elementor-widget-container\">\n\t\t\t\t\t\t\t<div class=\"elementor-testimonial-wrapper\">\n\t\t\t\t\t\t\t<div class=\"elementor-testimonial-content\">Jest takie s\u0142owo, kt\u00f3re na pierwszy rzut oka, kojarzy si\u0119 ze \u015bwiatem informatyki, komputer\u00f3w. Jedno KLIKni\u0119cie i masz dost\u0119p do ka\u017cdej informacji w Internecie. Dlatego tak wa\u017cna jest edukacja w zakresie ich sprawdzania. Jaki\u015b pomys\u0142 mo\u017ce KLIKn\u0105\u0107, czyli si\u0119 przyj\u0105\u0107. I tak by\u0142o z naszym wcze\u015bniejszym projektem Lublin Ta\u0144czy. I wreszcie wa\u017cne jest, by KLIKn\u0119\u0142o mi\u0119dzy lud\u017ami, co dzieje si\u0119 w ta\u0144cach w kr\u0119gu. To tylko cz\u0119\u015b\u0107 pomys\u0142\u00f3w, jakie realizujemy w Fundacji KLIK. <\/div>\n\t\t\t\n\t\t\t\t\t\t<div class=\"elementor-testimonial-meta\">\n\t\t\t\t<div class=\"elementor-testimonial-meta-inner\">\n\t\t\t\t\t\n\t\t\t\t\t\t\t\t\t\t<div class=\"elementor-testimonial-details\">\n\t\t\t\t\t\t\t\t\t\t\t\t\t\t<div class=\"elementor-testimonial-name\">Agnieszka J\u00f3zwik<\/div>\n\t\t\t\t\t\t\t\t\t\t\t\t\t\t\t\t\t\t\t\t\t\t<div class=\"elementor-testimonial-job\">Prezes fundacji<\/div>\n\t\t\t\t\t\t\t\t\t\t\t\t\t<\/div>\n\t\t\t\t\t\t\t\t\t<\/div>\n\t\t\t<\/div>\n\t\t\t\t\t<\/div>\n\t\t\t\t\t\t<\/div>\n\t\t\t\t<\/div>\n\t\t\t\t<div class=\"elementor-element elementor-element-abb1bb3 elementor-widget elementor-widget-testimonial\" data-id=\"abb1bb3\" data-element_type=\"widget\" data-widget_type=\"testimonial.default\">\n\t\t\t\t<div class=\"elementor-widget-container\">\n\t\t\t\t\t\t\t<div class=\"elementor-testimonial-wrapper\">\n\t\t\t\t\t\t\t<div class=\"elementor-testimonial-content\">Bardzo zale\u017cy mi na dzieleniu si\u0119 moj\u0105 pasj\u0105 do ta\u0144ca. To dziedzina sztuki, kt\u00f3ra ma niezwyk\u0142\u0105 moc \u0142\u0105czenia ludzi, poznawania ich i wzajemnego uczenia si\u0119. Poprzez taniec przestajesz si\u0119 kr\u0119powa\u0107, stajesz si\u0119 otwarty\/otwarta na innych, zaskakujesz siebie. Bo kiedy mi\u0119dzy lud\u017ami KLIKa, to powstaj\u0105 pi\u0119kne rzeczy, dzia\u0142a efekt synergii. Taniec w grupie zawsze robi ogromne wra\u017cenie na publiczno\u015bci, a od tancerzy wymaga wzajemnego zaufania i zrozumienia. To samo mo\u017cna odnie\u015b\u0107 do innych aspekt\u00f3w kultury i sztuki. Wystarczy na drugiego cz\u0142owieka z ciekawo\u015bci\u0105 i bez oceniania.<\/div>\n\t\t\t\n\t\t\t\t\t\t<div class=\"elementor-testimonial-meta\">\n\t\t\t\t<div class=\"elementor-testimonial-meta-inner\">\n\t\t\t\t\t\n\t\t\t\t\t\t\t\t\t\t<div class=\"elementor-testimonial-details\">\n\t\t\t\t\t\t\t\t\t\t\t\t\t\t<div class=\"elementor-testimonial-name\">Agnieszka Litman<\/div>\n\t\t\t\t\t\t\t\t\t\t\t\t\t\t\t\t\t\t\t\t\t\t<div class=\"elementor-testimonial-job\">Wiceprezes fundacji<\/div>\n\t\t\t\t\t\t\t\t\t\t\t\t\t<\/div>\n\t\t\t\t\t\t\t\t\t<\/div>\n\t\t\t<\/div>\n\t\t\t\t\t<\/div>\n\t\t\t\t\t\t<\/div>\n\t\t\t\t<\/div>\n\t\t\t\t\t<\/div>\n\t\t\t\t<\/div>\n\t\t<div class=\"elementor-element elementor-element-b1ff15a e-flex e-con-boxed e-con e-parent\" data-id=\"b1ff15a\" data-element_type=\"container\">\n\t\t\t\t\t<div class=\"e-con-inner\">\n\t\t<div class=\"elementor-element elementor-element-d32eab5 e-con-full e-flex e-con e-child\" data-id=\"d32eab5\" data-element_type=\"container\">\n\t\t\t\t<div class=\"elementor-element elementor-element-de7423b elementor-widget elementor-widget-image\" data-id=\"de7423b\" data-element_type=\"widget\" data-widget_type=\"image.default\">\n\t\t\t\t<div class=\"elementor-widget-container\">\n\t\t\t\t\t\t\t\t\t\t\t\t\t\t\t<img fetchpriority=\"high\" decoding=\"async\" width=\"1034\" height=\"1379\" src=\"https:\/\/fundacjaklik.pl\/wp-content\/uploads\/2024\/09\/20230628_204347-scaled.jpg\" class=\"attachment-large size-large wp-image-310\" alt=\"\" srcset=\"https:\/\/fundacjaklik.pl\/wp-content\/uploads\/2024\/09\/20230628_204347-scaled.jpg 1920w, https:\/\/fundacjaklik.pl\/wp-content\/uploads\/2024\/09\/20230628_204347-768x1024.jpg 768w, https:\/\/fundacjaklik.pl\/wp-content\/uploads\/2024\/09\/20230628_204347-1152x1536.jpg 1152w, https:\/\/fundacjaklik.pl\/wp-content\/uploads\/2024\/09\/20230628_204347-1536x2048.jpg 1536w, https:\/\/fundacjaklik.pl\/wp-content\/uploads\/2024\/09\/20230628_204347-270x360.jpg 270w\" sizes=\"(max-width: 1034px) 100vw, 1034px\" \/>\t\t\t\t\t\t\t\t\t\t\t\t\t\t\t<\/div>\n\t\t\t\t<\/div>\n\t\t\t\t<\/div>\n\t\t<div class=\"elementor-element elementor-element-bf1f29b e-con-full e-flex e-con e-child\" data-id=\"bf1f29b\" data-element_type=\"container\">\n\t\t\t\t<div class=\"elementor-element elementor-element-3ba32a4 elementor-widget elementor-widget-text-editor\" data-id=\"3ba32a4\" data-element_type=\"widget\" data-widget_type=\"text-editor.default\">\n\t\t\t\t<div class=\"elementor-widget-container\">\n\t\t\t\t\t\t\t\t\t<h3>Agnieszka J\u00f3zwik<\/h3>\n<p><span dir=\"auto\">Jestem dziennikark\u0105 radiow\u0105, od 2014 r. zwi\u0105zan\u0105 z Akademickim\u00a0Radiem Centrum.\u00a0Przesz\u0142am w nim drog\u0119 od reporterki w Redakcjach \u2013 Kultury i Informacji, kt\u00f3ra musia\u0142a nauczy\u0107 si\u0119 zadawa\u0107 pytania, po zast\u0119pczyni\u0119 Redaktora Naczelnego. Od 2015 r. prowadz\u0119 audycj\u0119\u00a0<\/span><a href=\"https:\/\/www.facebook.com\/kulturologia.fm\" target=\"_blank\" rel=\"noopener\">Kulturologia<\/a><span dir=\"auto\">. Poruszam w niej tematy zwi\u0105zane g\u0142\u00f3wnie z lubelsk\u0105 kultur\u0105. Audycja jest emitowana\u00a0<\/span><span style=\"color: var( --e-global-color-text ); text-align: var(--text-align);\">na\u00a0<\/span><span style=\"text-indent: 0em; color: var( --e-global-color-text ); text-align: var(--text-align);\">\u017cywo, co wtorek od 19-20 <\/span><span style=\"color: var( --e-global-color-text ); text-align: var(--text-align);\">na\u00a0<\/span><span style=\"text-indent: 0em; color: var( --e-global-color-text ); text-align: var(--text-align);\">antenie Akademickiego Radia Centrum.\u00a0<\/span><\/p>\n<p><span style=\"text-indent: 0em; color: var( --e-global-color-text ); text-align: var(--text-align);\">Od 2023 r. jestem doktorantk\u0105 w Szkole Doktorskiej Nauk Spo\u0142ecznych UMCS. Przygotowuj\u0119 si\u0119 do przeprowadzenia bada\u0144 w zakresie m.in. weryfikacji informacji przez dziennikarzy.<\/span><\/p>\n<p><span style=\"text-indent: 0em; color: var( --e-global-color-text ); text-align: var(--text-align);\"> Uwielbiam ta\u0144czy\u0107. Przez prawie dekad\u0119 uczy\u0142am si\u0119 r\u00f3\u017cnych styl\u00f3w salsy. Od czasu do czasu zdarza mi si\u0119 wr\u00f3ci\u0107\u00a0<\/span><span style=\"color: var( --e-global-color-text ); text-align: var(--text-align);\">na<\/span><span style=\"text-indent: 0em; color: var( --e-global-color-text ); text-align: var(--text-align);\">\u00a0salsotek\u0119. Od 2008 r. jestem instruktork\u0105 ta\u0144c\u00f3w w kr\u0119gu. Bardzo doceniam w nich to, \u017ce \u0142\u0105cz\u0105 osoby z r\u00f3\u017cnych kultur i pokole\u0144.<\/span><\/p>\t\t\t\t\t\t\t\t<\/div>\n\t\t\t\t<\/div>\n\t\t\t\t<\/div>\n\t\t\t\t\t<\/div>\n\t\t\t\t<\/div>\n\t\t<div class=\"elementor-element elementor-element-c5eef69 e-flex e-con-boxed e-con e-parent\" data-id=\"c5eef69\" data-element_type=\"container\">\n\t\t\t\t\t<div class=\"e-con-inner\">\n\t\t<div class=\"elementor-element elementor-element-962d88a e-con-full e-flex e-con e-child\" data-id=\"962d88a\" data-element_type=\"container\">\n\t\t\t\t<div class=\"elementor-element elementor-element-c508586 elementor-widget elementor-widget-image\" data-id=\"c508586\" data-element_type=\"widget\" data-widget_type=\"image.default\">\n\t\t\t\t<div class=\"elementor-widget-container\">\n\t\t\t\t\t\t\t\t\t\t\t\t\t\t\t<img decoding=\"async\" width=\"720\" height=\"1080\" src=\"https:\/\/fundacjaklik.pl\/wp-content\/uploads\/2024\/09\/DD__7368_72DPI.jpg\" class=\"attachment-large size-large wp-image-293\" alt=\"\" srcset=\"https:\/\/fundacjaklik.pl\/wp-content\/uploads\/2024\/09\/DD__7368_72DPI.jpg 720w, https:\/\/fundacjaklik.pl\/wp-content\/uploads\/2024\/09\/DD__7368_72DPI-240x360.jpg 240w\" sizes=\"(max-width: 720px) 100vw, 720px\" \/>\t\t\t\t\t\t\t\t\t\t\t\t\t\t\t<\/div>\n\t\t\t\t<\/div>\n\t\t\t\t<\/div>\n\t\t<div class=\"elementor-element elementor-element-829c37a e-con-full e-flex e-con e-child\" data-id=\"829c37a\" data-element_type=\"container\">\n\t\t\t\t<div class=\"elementor-element elementor-element-b27fe25 elementor-widget elementor-widget-text-editor\" data-id=\"b27fe25\" data-element_type=\"widget\" data-widget_type=\"text-editor.default\">\n\t\t\t\t<div class=\"elementor-widget-container\">\n\t\t\t\t\t\t\t\t\t<h3>Agnieszka Litman<\/h3>\n<p>Tancerka, choreografka i instruktorka ta\u0144ca. Prowadz\u0119 szko\u0142\u0119 ta\u0144ca Jazzymotion Studio w Lublinie od 2018 roku. Jako nauczycielka zach\u0119cam swoich podopiecznych do otwarto\u015bci na r\u00f3\u017cne do\u015bwiadczenia artystyczne i kulturalne. Ceni\u0119 dialog mi\u0119dzykulturowy, kt\u00f3ry uwa\u017cam za niezwykle wa\u017cny w procesie poznawania siebie i \u015bwiata. W swoich projektach tanecznych lubi\u0119 porusza\u0107 tematy psychologiczne, uniwersalne, nawi\u0105zuj\u0105ce do natury cz\u0142owieka.&nbsp;<\/p>\n<p>Uko\u0144czy\u0142am studia na kierunkach: Zarz\u0105dzanie, E-edytorstwo i techniki redakcyjne, Grafika komputerowa i DTP oraz Judaistyka na UMCS.&nbsp;<\/p>\n<p>Od 2020 do 2023 roku pracowa\u0142am jako Animator Filii Lublin GW\u017b w Warszawie, gdzie zajmowa\u0142am si\u0119 organizacj\u0105 religijnego i kulturalnego \u017cycia spo\u0142eczno\u015bci. Dzia\u0142am r\u00f3wnie\u017c w fundacji \u017bydowski Lublin, gdzie realizuj\u0119 projekty artystyczne i edukacyjne.&nbsp;<\/p>\t\t\t\t\t\t\t\t<\/div>\n\t\t\t\t<\/div>\n\t\t\t\t<\/div>\n\t\t\t\t\t<\/div>\n\t\t\t\t<\/div>\n\t\t<div class=\"elementor-element elementor-element-61d2f0b e-flex e-con-boxed e-con e-parent\" data-id=\"61d2f0b\" data-element_type=\"container\">\n\t\t\t\t\t<div class=\"e-con-inner\">\n\t\t\t\t<div class=\"elementor-element elementor-element-e776621 elementor-align-center elementor-widget elementor-widget-button\" data-id=\"e776621\" data-element_type=\"widget\" data-widget_type=\"button.default\">\n\t\t\t\t<div class=\"elementor-widget-container\">\n\t\t\t\t\t\t\t\t\t<div class=\"elementor-button-wrapper\">\n\t\t\t\t\t<a class=\"elementor-button elementor-button-link elementor-size-md\" href=\"https:\/\/drive.google.com\/file\/d\/18xkUK-b7pfwBgahv8gF_aqvOVHsbfe3I\/view?usp=drive_link\" target=\"_blank\">\n\t\t\t\t\t\t<span class=\"elementor-button-content-wrapper\">\n\t\t\t\t\t\t\t\t\t<span class=\"elementor-button-text\">Statut Fundacji<\/span>\n\t\t\t\t\t<\/span>\n\t\t\t\t\t<\/a>\n\t\t\t\t<\/div>\n\t\t\t\t\t\t\t\t<\/div>\n\t\t\t\t<\/div>\n\t\t\t\t\t<\/div>\n\t\t\t\t<\/div>\n\t\t\t\t<\/div>\n\t\t","protected":false},"excerpt":{"rendered":"<p>Fundacja KLIK Fundatorki Fundacja KLIK istnieje od 2023 roku. Za\u0142o\u017cy\u0142y j\u0105 Agnieszka J\u00f3zwik i Agnieszka Litman. Wcze\u015bniej, od 2014 roku, organizowa\u0142y wsp\u00f3lnie warsztaty w ramach projektu Lublin Ta\u0144czy. To zapocz\u0105tkowa\u0142o ich wieloletni\u0105 aktywn\u0105 dzia\u0142alno\u015b\u0107 w sferze kultury. Fundacja powsta\u0142a, by tworzy\u0107 przestrze\u0144 dla os\u00f3b chc\u0105cych rozwija\u0107 si\u0119 w r\u00f3\u017cnych dziedzinach &hellip;<\/p>\n","protected":false},"author":1,"featured_media":0,"parent":0,"menu_order":0,"comment_status":"closed","ping_status":"closed","template":"","meta":{"footnotes":""},"class_list":["post-26","page","type-page","status-publish","hentry"],"yoast_head":"<!-- This site is optimized with the Yoast SEO plugin v25.5 - https:\/\/yoast.com\/wordpress\/plugins\/seo\/ -->\n<title>O nas - Fundacja KLIK<\/title>\n<meta name=\"robots\" content=\"index, follow, max-snippet:-1, max-image-preview:large, max-video-preview:-1\" \/>\n<link rel=\"canonical\" href=\"https:\/\/fundacjaklik.pl\/index.php\/o-nas\/\" \/>\n<meta property=\"og:locale\" content=\"pl_PL\" \/>\n<meta property=\"og:type\" content=\"article\" \/>\n<meta property=\"og:title\" content=\"O nas - Fundacja KLIK\" \/>\n<meta property=\"og:description\" content=\"Fundacja KLIK Fundatorki Fundacja KLIK istnieje od 2023 roku. Za\u0142o\u017cy\u0142y j\u0105 Agnieszka J\u00f3zwik i Agnieszka Litman. Wcze\u015bniej, od 2014 roku, organizowa\u0142y wsp\u00f3lnie warsztaty w ramach projektu Lublin Ta\u0144czy. To zapocz\u0105tkowa\u0142o ich wieloletni\u0105 aktywn\u0105 dzia\u0142alno\u015b\u0107 w sferze kultury. Fundacja powsta\u0142a, by tworzy\u0107 przestrze\u0144 dla os\u00f3b chc\u0105cych rozwija\u0107 si\u0119 w r\u00f3\u017cnych dziedzinach &hellip;\" \/>\n<meta property=\"og:url\" content=\"https:\/\/fundacjaklik.pl\/index.php\/o-nas\/\" \/>\n<meta property=\"og:site_name\" content=\"Fundacja KLIK\" \/>\n<meta property=\"article:modified_time\" content=\"2025-02-28T18:34:53+00:00\" \/>\n<meta property=\"og:image\" content=\"http:\/\/fundacjaklik.pl\/wp-content\/uploads\/2024\/09\/20230628_204347-scaled.jpg\" \/>\n<meta name=\"twitter:card\" content=\"summary_large_image\" \/>\n<meta name=\"twitter:label1\" content=\"Szacowany czas czytania\" \/>\n\t<meta name=\"twitter:data1\" content=\"4 minuty\" \/>\n<script type=\"application\/ld+json\" class=\"yoast-schema-graph\">{\"@context\":\"https:\/\/schema.org\",\"@graph\":[{\"@type\":\"WebPage\",\"@id\":\"https:\/\/fundacjaklik.pl\/index.php\/o-nas\/\",\"url\":\"https:\/\/fundacjaklik.pl\/index.php\/o-nas\/\",\"name\":\"O nas - Fundacja KLIK\",\"isPartOf\":{\"@id\":\"https:\/\/fundacjaklik.pl\/#website\"},\"primaryImageOfPage\":{\"@id\":\"https:\/\/fundacjaklik.pl\/index.php\/o-nas\/#primaryimage\"},\"image\":{\"@id\":\"https:\/\/fundacjaklik.pl\/index.php\/o-nas\/#primaryimage\"},\"thumbnailUrl\":\"http:\/\/fundacjaklik.pl\/wp-content\/uploads\/2024\/09\/20230628_204347-scaled.jpg\",\"datePublished\":\"2023-10-12T21:34:13+00:00\",\"dateModified\":\"2025-02-28T18:34:53+00:00\",\"breadcrumb\":{\"@id\":\"https:\/\/fundacjaklik.pl\/index.php\/o-nas\/#breadcrumb\"},\"inLanguage\":\"pl-PL\",\"potentialAction\":[{\"@type\":\"ReadAction\",\"target\":[\"https:\/\/fundacjaklik.pl\/index.php\/o-nas\/\"]}]},{\"@type\":\"ImageObject\",\"inLanguage\":\"pl-PL\",\"@id\":\"https:\/\/fundacjaklik.pl\/index.php\/o-nas\/#primaryimage\",\"url\":\"https:\/\/fundacjaklik.pl\/wp-content\/uploads\/2024\/09\/20230628_204347-scaled.jpg\",\"contentUrl\":\"https:\/\/fundacjaklik.pl\/wp-content\/uploads\/2024\/09\/20230628_204347-scaled.jpg\",\"width\":1920,\"height\":2560},{\"@type\":\"BreadcrumbList\",\"@id\":\"https:\/\/fundacjaklik.pl\/index.php\/o-nas\/#breadcrumb\",\"itemListElement\":[{\"@type\":\"ListItem\",\"position\":1,\"name\":\"Strona g\u0142\u00f3wna\",\"item\":\"https:\/\/fundacjaklik.pl\/\"},{\"@type\":\"ListItem\",\"position\":2,\"name\":\"O nas\"}]},{\"@type\":\"WebSite\",\"@id\":\"https:\/\/fundacjaklik.pl\/#website\",\"url\":\"https:\/\/fundacjaklik.pl\/\",\"name\":\"Fundacja KLIK\",\"description\":\"Fundacja KLIK tworzy przestrze\u0144 dla os\u00f3b chc\u0105cych rozwija\u0107 si\u0119 w r\u00f3\u017cnych dziedzinach kultury, dzia\u0142alno\u015bci artystycznej i edukacji.\",\"publisher\":{\"@id\":\"https:\/\/fundacjaklik.pl\/#organization\"},\"potentialAction\":[{\"@type\":\"SearchAction\",\"target\":{\"@type\":\"EntryPoint\",\"urlTemplate\":\"https:\/\/fundacjaklik.pl\/?s={search_term_string}\"},\"query-input\":{\"@type\":\"PropertyValueSpecification\",\"valueRequired\":true,\"valueName\":\"search_term_string\"}}],\"inLanguage\":\"pl-PL\"},{\"@type\":\"Organization\",\"@id\":\"https:\/\/fundacjaklik.pl\/#organization\",\"name\":\"Fundacja KLIK\",\"url\":\"https:\/\/fundacjaklik.pl\/\",\"logo\":{\"@type\":\"ImageObject\",\"inLanguage\":\"pl-PL\",\"@id\":\"https:\/\/fundacjaklik.pl\/#\/schema\/logo\/image\/\",\"url\":\"https:\/\/fundacjaklik.pl\/wp-content\/uploads\/2023\/10\/cropped-Projekt-bez-nazwy.png\",\"contentUrl\":\"https:\/\/fundacjaklik.pl\/wp-content\/uploads\/2023\/10\/cropped-Projekt-bez-nazwy.png\",\"width\":384,\"height\":264,\"caption\":\"Fundacja KLIK\"},\"image\":{\"@id\":\"https:\/\/fundacjaklik.pl\/#\/schema\/logo\/image\/\"}}]}<\/script>\n<!-- \/ Yoast SEO plugin. -->","yoast_head_json":{"title":"O nas - Fundacja KLIK","robots":{"index":"index","follow":"follow","max-snippet":"max-snippet:-1","max-image-preview":"max-image-preview:large","max-video-preview":"max-video-preview:-1"},"canonical":"https:\/\/fundacjaklik.pl\/index.php\/o-nas\/","og_locale":"pl_PL","og_type":"article","og_title":"O nas - Fundacja KLIK","og_description":"Fundacja KLIK Fundatorki Fundacja KLIK istnieje od 2023 roku. Za\u0142o\u017cy\u0142y j\u0105 Agnieszka J\u00f3zwik i Agnieszka Litman. Wcze\u015bniej, od 2014 roku, organizowa\u0142y wsp\u00f3lnie warsztaty w ramach projektu Lublin Ta\u0144czy. To zapocz\u0105tkowa\u0142o ich wieloletni\u0105 aktywn\u0105 dzia\u0142alno\u015b\u0107 w sferze kultury. Fundacja powsta\u0142a, by tworzy\u0107 przestrze\u0144 dla os\u00f3b chc\u0105cych rozwija\u0107 si\u0119 w r\u00f3\u017cnych dziedzinach &hellip;","og_url":"https:\/\/fundacjaklik.pl\/index.php\/o-nas\/","og_site_name":"Fundacja KLIK","article_modified_time":"2025-02-28T18:34:53+00:00","og_image":[{"url":"http:\/\/fundacjaklik.pl\/wp-content\/uploads\/2024\/09\/20230628_204347-scaled.jpg","type":"","width":"","height":""}],"twitter_card":"summary_large_image","twitter_misc":{"Szacowany czas czytania":"4 minuty"},"schema":{"@context":"https:\/\/schema.org","@graph":[{"@type":"WebPage","@id":"https:\/\/fundacjaklik.pl\/index.php\/o-nas\/","url":"https:\/\/fundacjaklik.pl\/index.php\/o-nas\/","name":"O nas - Fundacja KLIK","isPartOf":{"@id":"https:\/\/fundacjaklik.pl\/#website"},"primaryImageOfPage":{"@id":"https:\/\/fundacjaklik.pl\/index.php\/o-nas\/#primaryimage"},"image":{"@id":"https:\/\/fundacjaklik.pl\/index.php\/o-nas\/#primaryimage"},"thumbnailUrl":"http:\/\/fundacjaklik.pl\/wp-content\/uploads\/2024\/09\/20230628_204347-scaled.jpg","datePublished":"2023-10-12T21:34:13+00:00","dateModified":"2025-02-28T18:34:53+00:00","breadcrumb":{"@id":"https:\/\/fundacjaklik.pl\/index.php\/o-nas\/#breadcrumb"},"inLanguage":"pl-PL","potentialAction":[{"@type":"ReadAction","target":["https:\/\/fundacjaklik.pl\/index.php\/o-nas\/"]}]},{"@type":"ImageObject","inLanguage":"pl-PL","@id":"https:\/\/fundacjaklik.pl\/index.php\/o-nas\/#primaryimage","url":"https:\/\/fundacjaklik.pl\/wp-content\/uploads\/2024\/09\/20230628_204347-scaled.jpg","contentUrl":"https:\/\/fundacjaklik.pl\/wp-content\/uploads\/2024\/09\/20230628_204347-scaled.jpg","width":1920,"height":2560},{"@type":"BreadcrumbList","@id":"https:\/\/fundacjaklik.pl\/index.php\/o-nas\/#breadcrumb","itemListElement":[{"@type":"ListItem","position":1,"name":"Strona g\u0142\u00f3wna","item":"https:\/\/fundacjaklik.pl\/"},{"@type":"ListItem","position":2,"name":"O nas"}]},{"@type":"WebSite","@id":"https:\/\/fundacjaklik.pl\/#website","url":"https:\/\/fundacjaklik.pl\/","name":"Fundacja KLIK","description":"Fundacja KLIK tworzy przestrze\u0144 dla os\u00f3b chc\u0105cych rozwija\u0107 si\u0119 w r\u00f3\u017cnych dziedzinach kultury, dzia\u0142alno\u015bci artystycznej i edukacji.","publisher":{"@id":"https:\/\/fundacjaklik.pl\/#organization"},"potentialAction":[{"@type":"SearchAction","target":{"@type":"EntryPoint","urlTemplate":"https:\/\/fundacjaklik.pl\/?s={search_term_string}"},"query-input":{"@type":"PropertyValueSpecification","valueRequired":true,"valueName":"search_term_string"}}],"inLanguage":"pl-PL"},{"@type":"Organization","@id":"https:\/\/fundacjaklik.pl\/#organization","name":"Fundacja KLIK","url":"https:\/\/fundacjaklik.pl\/","logo":{"@type":"ImageObject","inLanguage":"pl-PL","@id":"https:\/\/fundacjaklik.pl\/#\/schema\/logo\/image\/","url":"https:\/\/fundacjaklik.pl\/wp-content\/uploads\/2023\/10\/cropped-Projekt-bez-nazwy.png","contentUrl":"https:\/\/fundacjaklik.pl\/wp-content\/uploads\/2023\/10\/cropped-Projekt-bez-nazwy.png","width":384,"height":264,"caption":"Fundacja KLIK"},"image":{"@id":"https:\/\/fundacjaklik.pl\/#\/schema\/logo\/image\/"}}]}},"_links":{"self":[{"href":"https:\/\/fundacjaklik.pl\/index.php\/wp-json\/wp\/v2\/pages\/26","targetHints":{"allow":["GET"]}}],"collection":[{"href":"https:\/\/fundacjaklik.pl\/index.php\/wp-json\/wp\/v2\/pages"}],"about":[{"href":"https:\/\/fundacjaklik.pl\/index.php\/wp-json\/wp\/v2\/types\/page"}],"author":[{"embeddable":true,"href":"https:\/\/fundacjaklik.pl\/index.php\/wp-json\/wp\/v2\/users\/1"}],"replies":[{"embeddable":true,"href":"https:\/\/fundacjaklik.pl\/index.php\/wp-json\/wp\/v2\/comments?post=26"}],"version-history":[{"count":131,"href":"https:\/\/fundacjaklik.pl\/index.php\/wp-json\/wp\/v2\/pages\/26\/revisions"}],"predecessor-version":[{"id":551,"href":"https:\/\/fundacjaklik.pl\/index.php\/wp-json\/wp\/v2\/pages\/26\/revisions\/551"}],"wp:attachment":[{"href":"https:\/\/fundacjaklik.pl\/index.php\/wp-json\/wp\/v2\/media?parent=26"}],"curies":[{"name":"wp","href":"https:\/\/api.w.org\/{rel}","templated":true}]}}