{"id":253,"date":"2024-05-29T12:45:18","date_gmt":"2024-05-29T10:45:18","guid":{"rendered":"https:\/\/fundacjaklik.pl\/?page_id=253"},"modified":"2024-05-29T12:45:20","modified_gmt":"2024-05-29T10:45:20","slug":"rodo-i-cookies","status":"publish","type":"page","link":"https:\/\/fundacjaklik.pl\/index.php\/rodo-i-cookies\/","title":{"rendered":"RODO i Cookies"},"content":{"rendered":"\n<p><strong>1.Administratorem danych jest<\/strong>\u00a0Fundacja KLIK, NIP: 7123461877 (zwana dalej: \u201eFundacj\u0105\u201d).<\/p>\n\n\n\n<p>Siedziba fundacji: ul. R\u00f3\u017cana 6\/86, 20-538 Lublin<\/p>\n\n\n\n<p><strong>2. Administrator przetwarza nast\u0119puj\u0105ce dane Klienta:<\/strong><\/p>\n\n\n\n<p>a. nazwisko i imiona,<\/p>\n\n\n\n<p>b. adres e-mail,<\/p>\n\n\n\n<p>c. telefon,<\/p>\n\n\n\n<p>d. adres dostawy,<\/p>\n\n\n\n<p>e. aktywno\u015b\u0107 wzgl\u0119dem korzystania z us\u0142ug i produkt\u00f3w oferowanych przez sklep.<\/p>\n\n\n\n<p>W przypadku, gdy odbiorc\u0105 us\u0142ugi s\u0105 osoby ma\u0142oletnie, przetwarzane s\u0105 dane zar\u00f3wno ich, jak i ich rodzic\u00f3w lub opiekun\u00f3w prawnych.. Administrator przetwarza r\u00f3wnie\u017c adres e-mail, telefon oraz imi\u0119 odbiorcy newslettera.&nbsp;<\/p>\n\n\n\n<p><strong>3. Cele przetwarzania danych<\/strong><\/p>\n\n\n\n<p>a. sprzeda\u017c us\u0142ug i produkt\u00f3w b\u0119d\u0105cych przedmiotem oferty,<\/p>\n\n\n\n<p>b. dor\u0119czanie mailing\u00f3w informacyjnych i reklamowych,<\/p>\n\n\n\n<p>c. organizowanie zaj\u0119\u0107 i warsztat\u00f3w online&nbsp;<\/p>\n\n\n\n<p>d. dzia\u0142alno\u015b\u0107 edukacyjna&nbsp;<\/p>\n\n\n\n<p><strong>4. Do danych osobowych ma dost\u0119p<\/strong>\u00a0jedynie w\u0142a\u015bciciel fundacji. Dane zabezpieczone s\u0105 na dysku komputera zabezpieczonego has\u0142em, z kt\u00f3rego nie korzystaj\u0105 inni u\u017cytkownicy.\u00a0<\/p>\n\n\n\n<p>Pa\u0144stwa dane przesy\u0142ane s\u0105 r\u00f3wnie\u017c do podmiot\u00f3w trzecich (Mailchimp, Google), z kt\u00f3rych us\u0142ug korzysta Fundacja w celu komunikacji mailowej. Powy\u017csze podmioty jako znajduj\u0105ce si\u0119 w obszarze EOG lub na li\u015bcie Privacy Shield przestrzegaj\u0105 przepis\u00f3w z zakresu danych osobowych analogicznych do Rozporz\u0105dzenia tzw. RODO. Z podmiotami zawarte zosta\u0142y umowy powierzenia, przewa\u017cnie w formie aktualizacji ich regulamin\u00f3w.<\/p>\n\n\n\n<p><strong>5. U\u017cytkownik korzysta z nast\u0119puj\u0105cych praw:<\/strong><\/p>\n\n\n\n<p>a. Prawo do cofni\u0119cia zgody \u2013 cofni\u0119cie zgody mo\u017ce jednak uniemo\u017cliwi\u0107 dalsze korzystanie z us\u0142ug, kt\u00f3re zgodnie z prawem Administrator \u015bwiadczy\u0107 mo\u017ce jedynie za zgod\u0105. Ponadto cofni\u0119cie zgody nie powoduje, \u017ce przetwarzanie danych osobowych do momentu cofni\u0119cia by\u0142o niezgodne z prawem.<\/p>\n\n\n\n<p>b. Prawo do sprzeciwu wobec wykorzystania danych \u2013 je\u015bli Administrator przetwarza dane w oparciu o prawnie uzasadniony interes, Czytelnik mo\u017ce wnie\u015b\u0107 sprzeciw wobec ich wykorzystywania. Je\u017celi sprzeciw oka\u017ce si\u0119 zasadny, a Administrator nie b\u0119dzie mie\u0107 innej podstawy prawnej do przetwarzania danych \u2013 usunie dane b\u0119d\u0105ce przedmiotem sprzeciwu.<\/p>\n\n\n\n<p>c. Prawo do usuni\u0119cia danych (\u201eprawo do bycia zapomnianym\u201d) \u2013 Administrator na \u017c\u0105danie usunie dane w przypadku wycofania zgody, wniesienia zasadnego sprzeciwu wobec wykorzystania w celach marketingowych lub statystycznych, przetwarzania niezgodnie z prawem lub gdy przesta\u0142y by\u0107 niezb\u0119dne do cel\u00f3w, w kt\u00f3rych zosta\u0142y zebrane lub w kt\u00f3rych by\u0142y przetwarzane. Administrator zastrzega, \u017ce mo\u017ce zachowa\u0107 pewne dane osobowe w zakresie niezb\u0119dnym do kopii zapasowych lub cel\u00f3w ustalenia, dochodzenia lub obrony roszcze\u0144 oraz relacji z organami pa\u0144stwowymi.<\/p>\n\n\n\n<p>d. Prawo do ograniczenia przetwarzania danych \u2013 w przypadku kwestionowania prawid\u0142owo\u015bci danych oraz legalno\u015bci lub niezb\u0119dno\u015bci ich przetwarzania i wniesienia sprzeciwu.<\/p>\n\n\n\n<p>e. Prawo dost\u0119pu do danych \u2013 Administrator zobowi\u0105zuje si\u0119 do potwierdzenia przetwarzania danych osobowych, je\u015bli ma ono miejsce. W takim przypadku U\u017cytkownik ma mo\u017cliwo\u015b\u0107 uzyskania kopii danych i dost\u0119pu do nich oraz uzyskania informacji zawartych w niniejszej Polityce i innych \u017c\u0105danych.<\/p>\n\n\n\n<p>f. Prawo do sprostowania danych \u2013 Administrator na \u017c\u0105danie Klienta zobowi\u0105zuje si\u0119 do sprostowania danych (dla danych nieprawid\u0142owych) oraz ich uzupe\u0142nienia (dla danych niekompletnych).&nbsp;<\/p>\n\n\n\n<p>g. Prawo do przenoszenia danych \u2013 na \u017c\u0105danie u\u017cytkownika lub Klienta Administrator wy\u015ble, w postaci pliku w formacie pdf lub innym ustalonym, dane osobowe do \u017c\u0105daj\u0105cego lub bezpo\u015brednio do innego wskazanego przez niego Administratora.<\/p>\n\n\n\n<p>h. Ponadto U\u017cytkownik ma prawo do wniesienia skargi do Prezesa Urz\u0119du Ochrony Danych Osobowych.<\/p>\n\n\n\n<p>Administrator zapewnia realizacj\u0119 uprawnie\u0144 poprzez napisanie maila na adres jazzymotionstudio@gmail.com okre\u015blaj\u0105c czytelnie, w tytule, z jakiego prawa U\u017cytkownik chce skorzysta\u0107. Administrator po otrzymaniu wiadomo\u015bci w ci\u0105gu 30 dni zrealizuje \u017c\u0105danie.<\/p>\n\n\n\n<p><strong>6. Przechowywanie danych<\/strong><\/p>\n\n\n\n<p>a. Okres przechowywania danych, nie b\u0119dzie kr\u00f3tszy, ani\u017celi wynika z obowi\u0105zuj\u0105cych przepis\u00f3w prawa (z ustaw szczeg\u00f3lnych) tj. m.in.: ustawy o rachunkowo\u015bci, ordynacji podatkowej, ustawy o emeryturach i rentach z Funduszu Ubezpiecze\u0144 Spo\u0142ecznych, czy ustawy o systemie ubezpiecze\u0144 spo\u0142ecznych.<\/p>\n\n\n\n<p>b. Dane odbiorc\u00f3w newslettera przechowywane b\u0119d\u0105 do wniosku o ich usuni\u0119cie,<\/p>\n\n\n\n<p>c. Dane Klient\u00f3w przechowywane b\u0119d\u0105 do up\u0142ywu okresu przedawnienia roszcze\u0144 z ich tytu\u0142u.<\/p>\n\n\n\n<p>Fundacja zobowi\u0105zuje si\u0119 do niszczenia powsta\u0142ych tymczasowo dokument\u00f3w zawieraj\u0105cych dane osobowe (np. Lista uczestnik\u00f3w konkretnych zaj\u0119\u0107) oraz dba\u0142o\u015bci o obieg danych i ich minimalizacj\u0119 zgodnie z procedurami opisanymi w Rejestrze Czynno\u015bci Przetwarzania.<\/p>\n\n\n\n<p>Administrator stosuje \u015brodki techniczne i organizacyjne zapewniaj\u0105ce ochron\u0119 przetwarzanych danych osobowych odpowiedni\u0105 do zagro\u017ce\u0144 oraz kategorii danych obj\u0119tych ochron\u0105, a w szczeg\u00f3lno\u015bci zabezpiecza dane przed ich udost\u0119pnieniem osobom nieupowa\u017cnionym, zabraniem przez osob\u0119 nieuprawnion\u0105, przetwarzaniem z naruszeniem obowi\u0105zuj\u0105cych przepis\u00f3w oraz zmian\u0105, utrat\u0105, uszkodzeniem lub zniszczeniem.<\/p>\n\n\n\n<p><strong>Polityka Plik\u00f3w Cookies:<\/strong><\/p>\n\n\n\n<p>Na stronie internetowej oraz w aplikacji s\u0142u\u017c\u0105cej do zapis\u00f3w na zaj\u0119cia wykorzystujemy nast\u0119puj\u0105ce rodzaje plik\u00f3w Cookies:<\/p>\n\n\n\n<ul class=\"wp-block-list\">\n<li>\u201eniezb\u0119dne\u201d \u2013 umo\u017cliwiaj\u0105 korzystanie z us\u0142ug dost\u0119pnych w ramach Serwisu, np. wykorzystywane przy obs\u0142udze autoryzacji u\u017cytkownik\u00f3w;<\/li>\n\n\n\n<li>\u201czabezpieczaj\u0105ce\u201d \u2013 s\u0142u\u017c\u0105 do zapewnienia bezpiecze\u0144stwa, np. wykorzystywane do wykrywania nadu\u017cy\u0107 w zakresie korzystania z us\u0142ug Serwisu;<\/li>\n\n\n\n<li>\u201ewydajno\u015bciowe\u201d \u2013 umo\u017cliwiaj\u0105 zbieranie informacji o sposobie korzystania z Serwisu;<\/li>\n\n\n\n<li>\u201efunkcjonalne\u201d \u2013 umo\u017cliwiaj\u0105 zapami\u0119tanie wybranych przez U\u017cytkownika ustawie\u0144 i personalizacj\u0119 interfejsu U\u017cytkownika, np. w zakresie wybranego j\u0119zyka lub regionu, z kt\u00f3rego pochodzi U\u017cytkownik, rozmiaru czcionki, wygl\u0105du Serwisu itp.;<\/li>\n\n\n\n<li>\u201ereklamowe\u201d \u2013 umo\u017cliwiaj\u0105 dostarczanie U\u017cytkownikom tre\u015bci reklamowych bardziej dostosowanych do ich zainteresowa\u0144;<\/li>\n\n\n\n<li>\u201cintegracyjne\u201d \u2013 zwi\u0105zane s\u0105 z wykorzystywanymi w Serwisie us\u0142ugami firm trzecich, np. Google Analytics, Facebook, Fitssey.<\/li>\n<\/ul>\n\n\n\n<p>Serwisy obce, kt\u00f3rych materia\u0142y przedstawiamy, mog\u0105 tak\u017ce u\u017cywa\u0107 cookies, kt\u00f3re umo\u017cliwiaj\u0105 logowanie si\u0119, oraz s\u0142u\u017c\u0105 dostarczaniu reklam odpowiadaj\u0105cych upodobaniom i zachowaniom u\u017cytkownika.<\/p>\n\n\n\n<p>W przegl\u0105darce internetowej mo\u017cna zmieni\u0107 ustawienia dotycz\u0105ce cookies. Brak zmiany tych ustawie\u0144 oznacza akceptacj\u0119 dla stosowanych tu cookies.<\/p>\n\n\n\n<ol class=\"wp-block-list\">\n<li>Poprzez piki \u201ccookies\u201d nale\u017cy rozumie\u0107 dane informatyczne przechowywane w urz\u0105dzeniach ko\u0144cowych u\u017cytkownik\u00f3w, przeznaczone do korzystania ze stron internetowych. W szczeg\u00f3lno\u015bci s\u0105 to pliki tekstowe, zawieraj\u0105ce nazw\u0119 strony internetowej, z kt\u00f3rej pochodz\u0105, czas przechowywania ich na urz\u0105dzeniu ko\u0144cowym oraz unikalny numer.<\/li>\n\n\n\n<li>Serwis nie zbiera w spos\u00f3b automatyczny \u017cadnych informacji, z wyj\u0105tkiem informacji zawartych w plikach cookies.<\/li>\n\n\n\n<li>Pliki cookies przeznaczone s\u0105 do korzystania ze stron serwisu, a wykorzystujemy je do:<br>a) dopasowania zawarto\u015bci strony internetowej do indywidualnych preferencji u\u017cytkownika, przede wszystkim pliki te rozpoznaj\u0105 jego urz\u0105dzenie, aby zgodnie z jego preferencjami wy\u015bwietli\u0107 stron\u0119<br>b) do tworzenia anonimowych statystyk z wy\u0142\u0105czeniem mo\u017cliwo\u015bci identyfikacji u\u017cytkownika.<\/li>\n\n\n\n<li>Pliki cookies, wykorzystywane przez naszych partner\u00f3w (wymienionych w polityce prywatno\u015bci) operatora strony internetowej, w tym w szczeg\u00f3lno\u015bci u\u017cytkownik\u00f3w strony internetowej, podlegaj\u0105 w\u0142asnej polityce prywatno\u015bci partner\u00f3w.<\/li>\n\n\n\n<li>W trosce o bezpiecze\u0144stwo powierzonych nam danych opracowali\u015bmy wewn\u0119trzne procedury i zalecenia, kt\u00f3re maj\u0105 zapobiec udost\u0119pnieniu danych osobom nieupowa\u017cnionym. Kontrolujemy ich wykonywanie i stale sprawdzamy ich zgodno\u015b\u0107 z odpowiednimi aktami prawnymi \u2013 ustaw\u0105 o ochronie danych osobowych, ustaw\u0105 o \u015bwiadczeniu us\u0142ug drog\u0105 elektroniczn\u0105, a tak\u017ce wszelkiego rodzaju aktach wykonawczych i aktach prawa wsp\u00f3lnotowego.<\/li>\n\n\n\n<li>Wykorzystujemy dwa rodzaje plik\u00f3w cookies:\n<ul class=\"wp-block-list\">\n<li><strong>sesyjne<\/strong>\u00a0\u2013 pozostaj\u0105 na Twoim urz\u0105dzeniu a\u017c do opuszczenia strony internetowej lub wy\u0142\u0105czenia przegl\u0105darki internetowej;<\/li>\n\n\n\n<li><strong>sta\u0142e\u00a0<\/strong>\u2013 pozostaj\u0105 na Twoim urz\u0105dzeniu przez okre\u015blony czas albo do momentu ich r\u0119cznego usuni\u0119cia.<\/li>\n<\/ul>\n<\/li>\n\n\n\n<li>Za pomoc\u0105 technologii cookie zbieramy o Tobie jedynie anonimowe dane statystyczne, s\u0142u\u017c\u0105ce do poprawy wygody korzystania z portalu oraz minimalizacji uci\u0105\u017cliwo\u015bci reklam.<br>Nie zbieramy \u017cadnych danych pozwalaj\u0105cych na Twoj\u0105 identyfikacj\u0119. Jedyn\u0105 informacj\u0105 o u\u017cytkowniku, kt\u00f3ra jednak bez po\u0142\u0105czenia z innymi danymi, nie pozwala na jego identyfikacj\u0119, jest adres IP, z kt\u00f3rego \u0142\u0105czy si\u0119 u\u017cytkownik.<br>Tw\u00f3j adres IP mo\u017ce by\u0107 przekazany tak\u017ce naszym partnerom, w tym Google. Jednak r\u00f3wnie\u017c i w tym przypadku, Twoja identyfikacja w oparciu o ta dan\u0105 nie jest mo\u017cliwa.<\/li>\n\n\n\n<li>Standardowo oprogramowanie s\u0142u\u017c\u0105ce do przegl\u0105dania stron internetowych domy\u015blnie dopuszcza umieszczanie plik\u00f3w cookies na urz\u0105dzeniu ko\u0144cowym U\u017cytkownika. Ustawienia te mog\u0105 zosta\u0107 zmienione przez U\u017cytkownika w taki spos\u00f3b, aby blokowa\u0107 automatyczn\u0105 obs\u0142ug\u0119 \u201ccookies\u201d w ustawieniach przegl\u0105darki internetowej b\u0105d\u017a informowa\u0107 o ich ka\u017cdorazowym przes\u0142aniu na urz\u0105dzenia u\u017cytkownika.<\/li>\n\n\n\n<li>Mo\u017cesz dokona\u0107 w ka\u017cdym czasie zmiany ustawie\u0144 dotycz\u0105cych plik\u00f3w cookies. Szczeg\u00f3\u0142owe informacje o mo\u017cliwo\u015bci i sposobach obs\u0142ugi plik\u00f3w cookies dost\u0119pne s\u0105 w ustawieniach oprogramowania (przegl\u0105darki internetowej).<br>Przyk\u0142adowe opcje edytowania w popularnych przegl\u0105darkach:<br>\u2013 Mozilla Firefox: www.support.mozilla.org\/pl\/kb\/ciasteczka<br>\u2013 Internet Explorer: www.support.microsoft.com\/kb\/278835\/pl<br>\u2013 Google Chrome: www.support.google.com\/chrome\/bin\/answer.py?hl=pl&amp;answer=95647<br>\u2013 Safari: www.safari.helpmax.net\/pl\/oszczedzanie-czasu\/blokowanie-zawartosci\/<br>\u2013 Opera: https:\/\/help.opera.com\/pl\/latest\/web-preferences\/#cookies<\/li>\n\n\n\n<li>Informujemy, \u017ce zmiany ustawie\u0144 w przegl\u0105darce internetowej u\u017cytkownika mog\u0105 uniemo\u017cliwi\u0107 poprawne dzia\u0142anie Stron Internetowych.<\/li>\n<\/ol>\n","protected":false},"excerpt":{"rendered":"<p>1.Administratorem danych jest\u00a0Fundacja KLIK, NIP: 7123461877 (zwana dalej: \u201eFundacj\u0105\u201d). Siedziba fundacji: ul. R\u00f3\u017cana 6\/86, 20-538 Lublin 2. Administrator przetwarza nast\u0119puj\u0105ce dane Klienta: a. nazwisko i imiona, b. adres e-mail, c. telefon, d. adres dostawy, e. aktywno\u015b\u0107 wzgl\u0119dem korzystania z us\u0142ug i produkt\u00f3w oferowanych przez sklep. W przypadku, gdy odbiorc\u0105 us\u0142ugi &hellip;<\/p>\n","protected":false},"author":1,"featured_media":0,"parent":0,"menu_order":0,"comment_status":"closed","ping_status":"closed","template":"","meta":{"footnotes":""},"class_list":["post-253","page","type-page","status-publish","hentry"],"yoast_head":"<!-- This site is optimized with the Yoast SEO plugin v25.5 - https:\/\/yoast.com\/wordpress\/plugins\/seo\/ -->\n<title>RODO i Cookies - Fundacja KLIK<\/title>\n<meta name=\"robots\" content=\"index, follow, max-snippet:-1, max-image-preview:large, max-video-preview:-1\" \/>\n<link rel=\"canonical\" href=\"https:\/\/fundacjaklik.pl\/index.php\/rodo-i-cookies\/\" \/>\n<meta property=\"og:locale\" content=\"pl_PL\" \/>\n<meta property=\"og:type\" content=\"article\" \/>\n<meta property=\"og:title\" content=\"RODO i Cookies - Fundacja KLIK\" \/>\n<meta property=\"og:description\" content=\"1.Administratorem danych jest\u00a0Fundacja KLIK, NIP: 7123461877 (zwana dalej: \u201eFundacj\u0105\u201d). Siedziba fundacji: ul. R\u00f3\u017cana 6\/86, 20-538 Lublin 2. Administrator przetwarza nast\u0119puj\u0105ce dane Klienta: a. nazwisko i imiona, b. adres e-mail, c. telefon, d. adres dostawy, e. aktywno\u015b\u0107 wzgl\u0119dem korzystania z us\u0142ug i produkt\u00f3w oferowanych przez sklep. W przypadku, gdy odbiorc\u0105 us\u0142ugi &hellip;\" \/>\n<meta property=\"og:url\" content=\"https:\/\/fundacjaklik.pl\/index.php\/rodo-i-cookies\/\" \/>\n<meta property=\"og:site_name\" content=\"Fundacja KLIK\" \/>\n<meta property=\"article:modified_time\" content=\"2024-05-29T10:45:20+00:00\" \/>\n<meta name=\"twitter:card\" content=\"summary_large_image\" \/>\n<meta name=\"twitter:label1\" content=\"Szacowany czas czytania\" \/>\n\t<meta name=\"twitter:data1\" content=\"8 minut\" \/>\n<script type=\"application\/ld+json\" class=\"yoast-schema-graph\">{\"@context\":\"https:\/\/schema.org\",\"@graph\":[{\"@type\":\"WebPage\",\"@id\":\"https:\/\/fundacjaklik.pl\/index.php\/rodo-i-cookies\/\",\"url\":\"https:\/\/fundacjaklik.pl\/index.php\/rodo-i-cookies\/\",\"name\":\"RODO i Cookies - Fundacja KLIK\",\"isPartOf\":{\"@id\":\"https:\/\/fundacjaklik.pl\/#website\"},\"datePublished\":\"2024-05-29T10:45:18+00:00\",\"dateModified\":\"2024-05-29T10:45:20+00:00\",\"breadcrumb\":{\"@id\":\"https:\/\/fundacjaklik.pl\/index.php\/rodo-i-cookies\/#breadcrumb\"},\"inLanguage\":\"pl-PL\",\"potentialAction\":[{\"@type\":\"ReadAction\",\"target\":[\"https:\/\/fundacjaklik.pl\/index.php\/rodo-i-cookies\/\"]}]},{\"@type\":\"BreadcrumbList\",\"@id\":\"https:\/\/fundacjaklik.pl\/index.php\/rodo-i-cookies\/#breadcrumb\",\"itemListElement\":[{\"@type\":\"ListItem\",\"position\":1,\"name\":\"Strona g\u0142\u00f3wna\",\"item\":\"https:\/\/fundacjaklik.pl\/\"},{\"@type\":\"ListItem\",\"position\":2,\"name\":\"RODO i Cookies\"}]},{\"@type\":\"WebSite\",\"@id\":\"https:\/\/fundacjaklik.pl\/#website\",\"url\":\"https:\/\/fundacjaklik.pl\/\",\"name\":\"Fundacja KLIK\",\"description\":\"Fundacja KLIK tworzy przestrze\u0144 dla os\u00f3b chc\u0105cych rozwija\u0107 si\u0119 w r\u00f3\u017cnych dziedzinach kultury, dzia\u0142alno\u015bci artystycznej i edukacji.\",\"publisher\":{\"@id\":\"https:\/\/fundacjaklik.pl\/#organization\"},\"potentialAction\":[{\"@type\":\"SearchAction\",\"target\":{\"@type\":\"EntryPoint\",\"urlTemplate\":\"https:\/\/fundacjaklik.pl\/?s={search_term_string}\"},\"query-input\":{\"@type\":\"PropertyValueSpecification\",\"valueRequired\":true,\"valueName\":\"search_term_string\"}}],\"inLanguage\":\"pl-PL\"},{\"@type\":\"Organization\",\"@id\":\"https:\/\/fundacjaklik.pl\/#organization\",\"name\":\"Fundacja KLIK\",\"url\":\"https:\/\/fundacjaklik.pl\/\",\"logo\":{\"@type\":\"ImageObject\",\"inLanguage\":\"pl-PL\",\"@id\":\"https:\/\/fundacjaklik.pl\/#\/schema\/logo\/image\/\",\"url\":\"https:\/\/fundacjaklik.pl\/wp-content\/uploads\/2023\/10\/cropped-Projekt-bez-nazwy.png\",\"contentUrl\":\"https:\/\/fundacjaklik.pl\/wp-content\/uploads\/2023\/10\/cropped-Projekt-bez-nazwy.png\",\"width\":384,\"height\":264,\"caption\":\"Fundacja KLIK\"},\"image\":{\"@id\":\"https:\/\/fundacjaklik.pl\/#\/schema\/logo\/image\/\"}}]}<\/script>\n<!-- \/ Yoast SEO plugin. -->","yoast_head_json":{"title":"RODO i Cookies - Fundacja KLIK","robots":{"index":"index","follow":"follow","max-snippet":"max-snippet:-1","max-image-preview":"max-image-preview:large","max-video-preview":"max-video-preview:-1"},"canonical":"https:\/\/fundacjaklik.pl\/index.php\/rodo-i-cookies\/","og_locale":"pl_PL","og_type":"article","og_title":"RODO i Cookies - Fundacja KLIK","og_description":"1.Administratorem danych jest\u00a0Fundacja KLIK, NIP: 7123461877 (zwana dalej: \u201eFundacj\u0105\u201d). Siedziba fundacji: ul. R\u00f3\u017cana 6\/86, 20-538 Lublin 2. Administrator przetwarza nast\u0119puj\u0105ce dane Klienta: a. nazwisko i imiona, b. adres e-mail, c. telefon, d. adres dostawy, e. aktywno\u015b\u0107 wzgl\u0119dem korzystania z us\u0142ug i produkt\u00f3w oferowanych przez sklep. W przypadku, gdy odbiorc\u0105 us\u0142ugi &hellip;","og_url":"https:\/\/fundacjaklik.pl\/index.php\/rodo-i-cookies\/","og_site_name":"Fundacja KLIK","article_modified_time":"2024-05-29T10:45:20+00:00","twitter_card":"summary_large_image","twitter_misc":{"Szacowany czas czytania":"8 minut"},"schema":{"@context":"https:\/\/schema.org","@graph":[{"@type":"WebPage","@id":"https:\/\/fundacjaklik.pl\/index.php\/rodo-i-cookies\/","url":"https:\/\/fundacjaklik.pl\/index.php\/rodo-i-cookies\/","name":"RODO i Cookies - Fundacja KLIK","isPartOf":{"@id":"https:\/\/fundacjaklik.pl\/#website"},"datePublished":"2024-05-29T10:45:18+00:00","dateModified":"2024-05-29T10:45:20+00:00","breadcrumb":{"@id":"https:\/\/fundacjaklik.pl\/index.php\/rodo-i-cookies\/#breadcrumb"},"inLanguage":"pl-PL","potentialAction":[{"@type":"ReadAction","target":["https:\/\/fundacjaklik.pl\/index.php\/rodo-i-cookies\/"]}]},{"@type":"BreadcrumbList","@id":"https:\/\/fundacjaklik.pl\/index.php\/rodo-i-cookies\/#breadcrumb","itemListElement":[{"@type":"ListItem","position":1,"name":"Strona g\u0142\u00f3wna","item":"https:\/\/fundacjaklik.pl\/"},{"@type":"ListItem","position":2,"name":"RODO i Cookies"}]},{"@type":"WebSite","@id":"https:\/\/fundacjaklik.pl\/#website","url":"https:\/\/fundacjaklik.pl\/","name":"Fundacja KLIK","description":"Fundacja KLIK tworzy przestrze\u0144 dla os\u00f3b chc\u0105cych rozwija\u0107 si\u0119 w r\u00f3\u017cnych dziedzinach kultury, dzia\u0142alno\u015bci artystycznej i edukacji.","publisher":{"@id":"https:\/\/fundacjaklik.pl\/#organization"},"potentialAction":[{"@type":"SearchAction","target":{"@type":"EntryPoint","urlTemplate":"https:\/\/fundacjaklik.pl\/?s={search_term_string}"},"query-input":{"@type":"PropertyValueSpecification","valueRequired":true,"valueName":"search_term_string"}}],"inLanguage":"pl-PL"},{"@type":"Organization","@id":"https:\/\/fundacjaklik.pl\/#organization","name":"Fundacja KLIK","url":"https:\/\/fundacjaklik.pl\/","logo":{"@type":"ImageObject","inLanguage":"pl-PL","@id":"https:\/\/fundacjaklik.pl\/#\/schema\/logo\/image\/","url":"https:\/\/fundacjaklik.pl\/wp-content\/uploads\/2023\/10\/cropped-Projekt-bez-nazwy.png","contentUrl":"https:\/\/fundacjaklik.pl\/wp-content\/uploads\/2023\/10\/cropped-Projekt-bez-nazwy.png","width":384,"height":264,"caption":"Fundacja KLIK"},"image":{"@id":"https:\/\/fundacjaklik.pl\/#\/schema\/logo\/image\/"}}]}},"_links":{"self":[{"href":"https:\/\/fundacjaklik.pl\/index.php\/wp-json\/wp\/v2\/pages\/253","targetHints":{"allow":["GET"]}}],"collection":[{"href":"https:\/\/fundacjaklik.pl\/index.php\/wp-json\/wp\/v2\/pages"}],"about":[{"href":"https:\/\/fundacjaklik.pl\/index.php\/wp-json\/wp\/v2\/types\/page"}],"author":[{"embeddable":true,"href":"https:\/\/fundacjaklik.pl\/index.php\/wp-json\/wp\/v2\/users\/1"}],"replies":[{"embeddable":true,"href":"https:\/\/fundacjaklik.pl\/index.php\/wp-json\/wp\/v2\/comments?post=253"}],"version-history":[{"count":1,"href":"https:\/\/fundacjaklik.pl\/index.php\/wp-json\/wp\/v2\/pages\/253\/revisions"}],"predecessor-version":[{"id":254,"href":"https:\/\/fundacjaklik.pl\/index.php\/wp-json\/wp\/v2\/pages\/253\/revisions\/254"}],"wp:attachment":[{"href":"https:\/\/fundacjaklik.pl\/index.php\/wp-json\/wp\/v2\/media?parent=253"}],"curies":[{"name":"wp","href":"https:\/\/api.w.org\/{rel}","templated":true}]}}